{"id":5464,"date":"2017-07-05T12:33:16","date_gmt":"2017-07-05T10:33:16","guid":{"rendered":"https:\/\/bleuciel.lu\/passaparola\/i-viaggi-di-passaparola-tuscia-dautunno-prenotazioni-entro-il-10-settembre\/"},"modified":"2023-03-28T22:42:24","modified_gmt":"2023-03-28T20:42:24","slug":"i-viaggi-di-passaparola-tuscia-dautunno-prenotazioni-entro-il-10-settembre","status":"publish","type":"page","link":"https:\/\/passaparola.info\/web\/i-viaggi-di-passaparola-tuscia-dautunno-prenotazioni-entro-il-10-settembre\/","title":{"rendered":"I VIAGGI DI PASSAPAROLA"},"content":{"rendered":"<ul class=\"wp-block-latest-posts wp-block-latest-posts__list is-grid columns-2\"><li><div class=\"wp-block-latest-posts__featured-image alignleft\"><img width=\"1024\" height=\"768\" src=\"data:image\/png;base64,iVBORw0KGgoAAAANSUhEUgAABAAAAAMAAQMAAACAdIdOAAAAA1BMVEUAAP+KeNJXAAAAAXRSTlMAQObYZgAAAAlwSFlzAAAOxAAADsQBlSsOGwAAAHZJREFUeNrtwQEBAAAAgiD\/r25IQAEAAAAAAAAAAAAAAAAAAAAAAAAAAAAAAAAAAAAAAAAAAAAAAAAAAAAAAAAAAAAAAAAAAAAAAAAAAAAAAAAAAAAAAAAAAAAAAAAAAAAAAAAAAAAAAAAAAAAAAAAAAAAAAO8Ggw8AAeUA3VQAAAAASUVORK5CYII=\" class=\"attachment-large size-large pk-lazyload wp-post-image\" alt=\"\" loading=\"lazy\" style=\"\" data-pk-sizes=\"auto\" data-ls-sizes=\"(max-width: 1024px) 100vw, 1024px\" data-pk-src=\"https:\/\/passaparola.info\/web\/wp-content\/uploads\/2025\/04\/Malecon-lavorato-verso-il-seppia-1024x768.jpg\" data-pk-srcset=\"https:\/\/passaparola.info\/web\/wp-content\/uploads\/2025\/04\/Malecon-lavorato-verso-il-seppia-1024x768.jpg 1024w, https:\/\/passaparola.info\/web\/wp-content\/uploads\/2025\/04\/Malecon-lavorato-verso-il-seppia-300x225.jpg 300w, https:\/\/passaparola.info\/web\/wp-content\/uploads\/2025\/04\/Malecon-lavorato-verso-il-seppia-768x576.jpg 768w, https:\/\/passaparola.info\/web\/wp-content\/uploads\/2025\/04\/Malecon-lavorato-verso-il-seppia-1536x1152.jpg 1536w, https:\/\/passaparola.info\/web\/wp-content\/uploads\/2025\/04\/Malecon-lavorato-verso-il-seppia-2048x1536.jpg 2048w, https:\/\/passaparola.info\/web\/wp-content\/uploads\/2025\/04\/Malecon-lavorato-verso-il-seppia-800x600.jpg 800w, https:\/\/passaparola.info\/web\/wp-content\/uploads\/2025\/04\/Malecon-lavorato-verso-il-seppia-1160x870.jpg 1160w, https:\/\/passaparola.info\/web\/wp-content\/uploads\/2025\/04\/Malecon-lavorato-verso-il-seppia-scaled.jpg 2560w\" \/><\/div><a href=\"https:\/\/passaparola.info\/web\/2025\/04\/15\/il-faisait-nuit-a-la-havane\/\">Il faisait nuit \u00e0 La Havane<\/a><div class=\"wp-block-latest-posts__post-excerpt\">Un voyage hivernal \u00e0 La Havane o\u00f9 le temps s&#8217;est arr\u00eat\u00e9 au milieu des d\u00e9combres d&#8217;une guerre froide insoutenable et de l&#8217;indiff\u00e9rence d&#8217;un Occident qui a interpr\u00e9t\u00e9 l&#8217;histoire de mani\u00e8re d\u00e9form\u00e9e (Reportage) Vedado (La Havane) &#8211; L&#8217;h\u00f4tel est situ\u00e9 dans&hellip;<\/div><\/li>\n<li><div class=\"wp-block-latest-posts__featured-image alignleft\"><img width=\"1024\" height=\"474\" src=\"data:image\/png;base64,iVBORw0KGgoAAAANSUhEUgAABAAAAAHaAQMAAACkTqkuAAAAA1BMVEUAAP+KeNJXAAAAAXRSTlMAQObYZgAAAAlwSFlzAAAOxAAADsQBlSsOGwAAAFFJREFUeNrtwQEBAAAAgiD\/r25IQAEAAAAAAAAAAAAAAAAAAAAAAAAAAAAAAAAAAAAAAAAAAAAAAAAAAAAAAAAAAAAAAAAAAAAAAAAAAAAAvBvu2gAB4w6IIgAAAABJRU5ErkJggg==\" class=\"attachment-large size-large pk-lazyload wp-post-image\" alt=\"\" loading=\"lazy\" style=\"\" data-pk-sizes=\"auto\" data-ls-sizes=\"(max-width: 1024px) 100vw, 1024px\" data-pk-src=\"https:\/\/passaparola.info\/web\/wp-content\/uploads\/2023\/03\/1-1024x474.jpeg\" data-pk-srcset=\"https:\/\/passaparola.info\/web\/wp-content\/uploads\/2023\/03\/1-1024x474.jpeg 1024w, https:\/\/passaparola.info\/web\/wp-content\/uploads\/2023\/03\/1-300x139.jpeg 300w, https:\/\/passaparola.info\/web\/wp-content\/uploads\/2023\/03\/1-768x355.jpeg 768w, https:\/\/passaparola.info\/web\/wp-content\/uploads\/2023\/03\/1-1536x711.jpeg 1536w, https:\/\/passaparola.info\/web\/wp-content\/uploads\/2023\/03\/1-2048x948.jpeg 2048w, https:\/\/passaparola.info\/web\/wp-content\/uploads\/2023\/03\/1-800x370.jpeg 800w, https:\/\/passaparola.info\/web\/wp-content\/uploads\/2023\/03\/1-1160x537.jpeg 1160w, https:\/\/passaparola.info\/web\/wp-content\/uploads\/2023\/03\/1-scaled.jpeg 2560w\" \/><\/div><a href=\"https:\/\/passaparola.info\/web\/2023\/03\/28\/la-toscane-au-dela-des-sentiers-battus-10-09\/\">Voyage PassaParola 2023: la Toscane au-del\u00e0 des sentiers battus<\/a><div class=\"wp-block-latest-posts__post-excerpt\">De l\u2019odorat \u00e0 la vue, en passant par le go\u00fbt et l\u2019ou\u00efe, et m\u00eame le toucher : en Toscane, tous les sens sont stimul\u00e9s, pour une exp\u00e9rience de vacances unique. Et si l\u2019on dit g\u00e9n\u00e9ralement que l\u2019app\u00e9tit vient en mangeant,&hellip;<\/div><\/li>\n<li><div class=\"wp-block-latest-posts__featured-image alignleft\"><img width=\"868\" height=\"644\" src=\"data:image\/png;base64,iVBORw0KGgoAAAANSUhEUgAAA2QAAAKEAQMAAABSFWu9AAAAA1BMVEUAAP+KeNJXAAAAAXRSTlMAQObYZgAAAAlwSFlzAAAOxAAADsQBlSsOGwAAAFxJREFUeNrtwTEBAAAAwqD1T20ND6AAAAAAAAAAAAAAAAAAAAAAAAAAAAAAAAAAAAAAAAAAAAAAAAAAAAAAAAAAAAAAAAAAAAAAAAAAAAAAAAAAAAAAAAAAAODPABTHAAFNteNoAAAAAElFTkSuQmCC\" class=\"attachment-large size-large pk-lazyload wp-post-image\" alt=\"\" loading=\"lazy\" style=\"\" data-pk-sizes=\"auto\" data-ls-sizes=\"(max-width: 868px) 100vw, 868px\" data-pk-src=\"https:\/\/passaparola.info\/web\/wp-content\/uploads\/2023\/03\/Capture-de\u0301cran-2023-03-28-a\u0300-22.35.39.png\" data-pk-srcset=\"https:\/\/passaparola.info\/web\/wp-content\/uploads\/2023\/03\/Capture-de\u0301cran-2023-03-28-a\u0300-22.35.39.png 868w, https:\/\/passaparola.info\/web\/wp-content\/uploads\/2023\/03\/Capture-de\u0301cran-2023-03-28-a\u0300-22.35.39-300x223.png 300w, https:\/\/passaparola.info\/web\/wp-content\/uploads\/2023\/03\/Capture-de\u0301cran-2023-03-28-a\u0300-22.35.39-768x570.png 768w, https:\/\/passaparola.info\/web\/wp-content\/uploads\/2023\/03\/Capture-de\u0301cran-2023-03-28-a\u0300-22.35.39-800x594.png 800w\" \/><\/div><a href=\"https:\/\/passaparola.info\/web\/2023\/03\/28\/il-cilento-con-passaparola-france-italie\/\">Il Cilento con PassaParola &#8220;France-Italie&#8221;  [09\/2022]<\/a><div class=\"wp-block-latest-posts__post-excerpt\">En collaboration avec les&nbsp;Voyages Emile Weber Maria Grazia Galati, directrice du Magazine et Ornella Piccirillo, responsable redaction francaise partirons avec vous et vous accompagnerons pendant tout le voyage sur le compte courant PassaParola asbl IBAN:&nbsp;LU42 0019 1955 5203 5000 &nbsp;&hellip;<\/div><\/li>\n<\/ul>","protected":false},"excerpt":{"rendered":"","protected":false},"author":17,"featured_media":0,"parent":0,"menu_order":0,"comment_status":"closed","ping_status":"closed","template":"","meta":{"_seopress_robots_primary_cat":"","_seopress_titles_title":"","_seopress_titles_desc":"","_seopress_robots_index":""},"_links":{"self":[{"href":"https:\/\/passaparola.info\/web\/wp-json\/wp\/v2\/pages\/5464"}],"collection":[{"href":"https:\/\/passaparola.info\/web\/wp-json\/wp\/v2\/pages"}],"about":[{"href":"https:\/\/passaparola.info\/web\/wp-json\/wp\/v2\/types\/page"}],"author":[{"embeddable":true,"href":"https:\/\/passaparola.info\/web\/wp-json\/wp\/v2\/users\/17"}],"replies":[{"embeddable":true,"href":"https:\/\/passaparola.info\/web\/wp-json\/wp\/v2\/comments?post=5464"}],"version-history":[{"count":16,"href":"https:\/\/passaparola.info\/web\/wp-json\/wp\/v2\/pages\/5464\/revisions"}],"predecessor-version":[{"id":22254,"href":"https:\/\/passaparola.info\/web\/wp-json\/wp\/v2\/pages\/5464\/revisions\/22254"}],"wp:attachment":[{"href":"https:\/\/passaparola.info\/web\/wp-json\/wp\/v2\/media?parent=5464"}],"curies":[{"name":"wp","href":"https:\/\/api.w.org\/{rel}","templated":true}]}}