{"id":5457,"date":"2019-02-26T17:15:19","date_gmt":"2019-02-26T16:15:19","guid":{"rendered":"https:\/\/bleuciel.lu\/passaparola\/passaparola-editions\/"},"modified":"2022-05-17T12:34:24","modified_gmt":"2022-05-17T10:34:24","slug":"passaparola-editions-les-jardins-de-pfaffenthal","status":"publish","type":"page","link":"https:\/\/passaparola.info\/web\/passaparola-editions-les-jardins-de-pfaffenthal\/","title":{"rendered":"PassaParola Editions &#8211; Les Jardins de Pfaffenthal"},"content":{"rendered":"\n<div style=\"height:25px\" aria-hidden=\"true\" class=\"wp-block-spacer\"><\/div>\n\n\n\n<h2 id=\"passaparola-editions-les-jardins-de-pfaffenthal\" class=\"has-white-color has-text-color has-background\" style=\"background-color:#eb343e\">PassaParola Editions &#8211; Les Jardins de Pfaffenthal<\/h2>\n\n\n\n<div class=\"wp-block-columns\">\n<div class=\"wp-block-column\">\n<p><strong>BRUNO AGOSTINI<\/strong><br>Traduit de l\u2019italien par Oreste Sacchelli<br>PassaParola Editions, Luxembourg 2020, 452 p.<br><br>Un roman dont l\u2019intrigue se d\u00e9roule, du d\u00e9but \u00e0 la fin, au Luxembourg, au cours du 20e si\u00e8cle, inaugur\u00e9e par les premiers \u00e9chos sinistres de la mont\u00e9e du nazisme provenant d\u2019Allemagne, notamment pour les familles juives r\u00e9sidant encore paisiblement au Grand-Duch\u00e9. Avec la guerre et l\u2019occupation nazie tout bascule et rien ne sera plus comme avant. Les souffrances subies continueront \u00e0 hanter la vie de l\u2019un des deux protagonistes, L\u00e9on Gu\u00e9mar, qui jadis avait \u00e9t\u00e9 un enfant insouciant, contraint d\u00e9sormais \u00e0 r\u00e9gler inlassablement les comptes avec les monstres du pass\u00e9, pour lui et pour les siens disparus, \u00e0 sa mani\u00e8re. C\u2019est alors qu\u2019apparait dans le r\u00e9cit le deuxi\u00e8me protagoniste, Aloyse Kirschenbaum, un commissaire de police de la section Suicides cens\u00e9 enqu\u00eater sur d\u2019\u00e9tranges faits divers, pour le moins bizarres, au d\u00e9but des ann\u00e9es 1990. Les vies de ces deux personnages, qui s\u2019entrelacent dans la narration, se croiseront \u00e0 ce moment, m\u00eame s\u2019ils n\u2019auront jamais l\u2019occasion de se parler, et la boucle sera enfin boucl\u00e9e.<\/p>\n\n\n\n<p>La grande Histoire ne figure ici que comme toile de fond, m\u00eame si elle revient sans cesse avec sa lourde s\u00e9quelle de souffrance sans fin et d\u2019\u00e9nigmes irr\u00e9solues. Le genre policier \u2013 pourtant toujours \u00e0 la une dans le panorama litt\u00e9raire \u2013 ne semble cependant qu\u2019un pr\u00e9texte pour l\u2019auteur, qui a plut\u00f4t tendance \u00e0 plonger, comme on pouvait d\u00e9j\u00e0 le remarquer dans ses pr\u00e9c\u00e9dents r\u00e9cits, dans les labyrinthes les plus secrets de l\u2019\u00e2me, l\u00e0 o\u00f9 m\u00eame les concepts du bien et du mal sont mis en cause, par des circonstances qui souvent \u00e9chappent elles-m\u00eames \u00e0 toute certitude. Nous sommes en face d\u2019un livre pour le moins peu conventionnel, qui m\u00e9rite d\u2019\u00eatre appr\u00e9ci\u00e9 non seulement pour la qualit\u00e9 et la ma\u00eetrise de l\u2019outil narratif, mais \u00e9galement pour avoir relev\u00e9 le d\u00e9fi d\u2019\u00e9voquer un sujet qui n\u2019a pas souvent trouv\u00e9 preneur (au-del\u00e0 des r\u00e9cits plus proprement m\u00e9moriels qui ont fait leurs preuves) dans la fiction litt\u00e9raire au Luxembourg.<\/p>\n<\/div>\n\n\n\n<div class=\"wp-block-column\">\n<figure class=\"wp-block-image size-large is-resized\"><img  loading=\"lazy\"  src=\"data:image\/png;base64,iVBORw0KGgoAAAANSUhEUgAAAAEAAAABAQMAAAAl21bKAAAAA1BMVEUAAP+KeNJXAAAAAXRSTlMAQObYZgAAAAlwSFlzAAAOxAAADsQBlSsOGwAAAApJREFUCNdjYAAAAAIAAeIhvDMAAAAASUVORK5CYII=\"  alt=\"\"  class=\"wp-image-8983 pk-lazyload\"  width=\"384\"  height=\"512\"  data-pk-sizes=\"auto\"  data-ls-sizes=\"(max-width: 384px) 100vw, 384px\"  data-pk-src=\"https:\/\/passaparola.info\/web\/wp-content\/uploads\/2021\/01\/Agostini_2-767x1024.jpg\"  data-pk-srcset=\"https:\/\/passaparola.info\/web\/wp-content\/uploads\/2021\/01\/Agostini_2-767x1024.jpg 767w, https:\/\/passaparola.info\/web\/wp-content\/uploads\/2021\/01\/Agostini_2-225x300.jpg 225w, https:\/\/passaparola.info\/web\/wp-content\/uploads\/2021\/01\/Agostini_2-768x1025.jpg 768w, https:\/\/passaparola.info\/web\/wp-content\/uploads\/2021\/01\/Agostini_2-1151x1536.jpg 1151w, https:\/\/passaparola.info\/web\/wp-content\/uploads\/2021\/01\/Agostini_2-800x1067.jpg 800w, https:\/\/passaparola.info\/web\/wp-content\/uploads\/2021\/01\/Agostini_2-1160x1548.jpg 1160w, https:\/\/passaparola.info\/web\/wp-content\/uploads\/2021\/01\/Agostini_2.jpg 1493w\" ><\/figure>\n\n\n\n<p><\/p>\n<\/div>\n<\/div>\n\n\n\n<p><\/p>\n\n\n\n<form action=\"https:\/\/www.paypal.com\/cgi-bin\/webscr\" method=\"post\" target=\"paypal\"><input type=\"hidden\" name=\"cmd\" value=\"_s-xclick\">\n<input type=\"hidden\" name=\"hosted_button_id\" value=\"448SBM5XLPQPY\">\n<table>\n<tbody>\n<tr>\n<td><input type=\"hidden\" name=\"on0\" value=\"Prix du livre + Livraison\">Prix du livre + Livraison<\/td>\n<\/tr>\n<tr>\n<td><select name=\"os0\"><option value=\"Luxembourg\">Luxembourg \u20ac28,20 EUR<\/option><option value=\"Europe\">Europe \u20ac30,25 EUR<\/option><\/select><\/td>\n<\/tr>\n<\/tbody>\n<\/table>\n<input type=\"hidden\" name=\"currency_code\" value=\"EUR\">\n<input type=\"image\" alt=\"PayPal, le r\u00e9flexe s\u00e9curit\u00e9 pour payer en ligne\" name=\"submit\" src=\"https:\/\/www.paypalobjects.com\/fr_FR\/FR\/i\/btn\/btn_cart_SM.gif\">\n<img  loading=\"lazy\"  alt=\"\"  src=\"data:image\/png;base64,iVBORw0KGgoAAAANSUhEUgAAAAEAAAABAQMAAAAl21bKAAAAA1BMVEUAAP+KeNJXAAAAAXRSTlMAQObYZgAAAAlwSFlzAAAOxAAADsQBlSsOGwAAAApJREFUCNdjYAAAAAIAAeIhvDMAAAAASUVORK5CYII=\"  width=\"1\"  height=\"1\"  border=\"0\"  class=\" pk-lazyload\"  data-pk-sizes=\"auto\"  data-pk-src=\"https:\/\/www.paypalobjects.com\/fr_XC\/i\/scr\/pixel.gif\" >\n\n<\/form>\n","protected":false},"excerpt":{"rendered":"PassaParola Editions &#8211; Les Jardins de Pfaffenthal BRUNO AGOSTINITraduit de l\u2019italien par Oreste SacchelliPassaParola Editions, Luxembourg 2020, 452 p. Un roman dont l\u2019intrigue se d\u00e9roule, du d\u00e9but \u00e0 la fin, au Luxembourg, au cours du 20e si\u00e8cle, inaugur\u00e9e par les&hellip;\n","protected":false},"author":3,"featured_media":0,"parent":0,"menu_order":0,"comment_status":"closed","ping_status":"closed","template":"","meta":{"_seopress_robots_primary_cat":"","_seopress_titles_title":"","_seopress_titles_desc":"","_seopress_robots_index":""},"_links":{"self":[{"href":"https:\/\/passaparola.info\/web\/wp-json\/wp\/v2\/pages\/5457"}],"collection":[{"href":"https:\/\/passaparola.info\/web\/wp-json\/wp\/v2\/pages"}],"about":[{"href":"https:\/\/passaparola.info\/web\/wp-json\/wp\/v2\/types\/page"}],"author":[{"embeddable":true,"href":"https:\/\/passaparola.info\/web\/wp-json\/wp\/v2\/users\/3"}],"replies":[{"embeddable":true,"href":"https:\/\/passaparola.info\/web\/wp-json\/wp\/v2\/comments?post=5457"}],"version-history":[{"count":2,"href":"https:\/\/passaparola.info\/web\/wp-json\/wp\/v2\/pages\/5457\/revisions"}],"predecessor-version":[{"id":19193,"href":"https:\/\/passaparola.info\/web\/wp-json\/wp\/v2\/pages\/5457\/revisions\/19193"}],"wp:attachment":[{"href":"https:\/\/passaparola.info\/web\/wp-json\/wp\/v2\/media?parent=5457"}],"curies":[{"name":"wp","href":"https:\/\/api.w.org\/{rel}","templated":true}]}}