{"id":5289,"date":"2010-09-09T20:01:31","date_gmt":"2010-09-09T18:01:31","guid":{"rendered":"https:\/\/bleuciel.lu\/passaparola\/radio-voices\/"},"modified":"2024-11-27T15:18:46","modified_gmt":"2024-11-27T14:18:46","slug":"radio-voices","status":"publish","type":"page","link":"https:\/\/passaparola.info\/web\/radio-voices\/","title":{"rendered":"Diretta"},"content":{"rendered":"\n<div class=\"wp-block-columns\">\n<div class=\"wp-block-column\">\n<p><strong>VOICES BY PASSAPAROLA<\/strong> \u00e8 la trasmissione radiofonica italiana, nata ad aprile 2008, su Radio Ara (Lussemburgo). Va in onda ogni sabato (10.00-11.30) sulle frequenze \u00a0<strong>102.9 e 105.2 e in streaming sul sito<\/strong> <a href=\"https:\/\/www.radioara.org\/our-shows\/\" data-type=\"URL\" data-id=\"https:\/\/www.radioara.org\/our-shows\/\">Live &#8211; Radio ARA<\/a>. Si occupa di attualit\u00e0 con approfondimenti giornalistici, interviste, novit\u00e0 sulla realt\u00e0 italiana del Granducato, con uno sguardo all&#8217;Italia e al mondo.<\/p>\n\n\n\n<p>Speaker, animatori, dj e giornalisti fanno parte dello staff di PassaParola Magazine, il mensile italiano del Granducato e di PassaParola ASBL.<\/p>\n\n\n\n<p><strong>CONTATTI:<br><\/strong><strong>radio@passaparola.info<br><\/strong><strong>paolo@passaparola.info<\/strong><\/p>\n<\/div>\n\n\n\n<div class=\"wp-block-column\">\n<figure class=\"wp-block-image size-large\"><img  loading=\"lazy\"  width=\"788\"  height=\"444\"  src=\"data:image\/png;base64,iVBORw0KGgoAAAANSUhEUgAAAAEAAAABAQMAAAAl21bKAAAAA1BMVEUAAP+KeNJXAAAAAXRSTlMAQObYZgAAAAlwSFlzAAAOxAAADsQBlSsOGwAAAApJREFUCNdjYAAAAAIAAeIhvDMAAAAASUVORK5CYII=\"  alt=\"\"  class=\"wp-image-17665 pk-lazyload\"  data-pk-sizes=\"auto\"  data-ls-sizes=\"(max-width: 788px) 100vw, 788px\"  data-pk-src=\"https:\/\/passaparola.info\/web\/wp-content\/uploads\/2022\/01\/radio-zet-dziennikarze-i-programy.jpg\"  data-pk-srcset=\"https:\/\/passaparola.info\/web\/wp-content\/uploads\/2022\/01\/radio-zet-dziennikarze-i-programy.jpg 788w, https:\/\/passaparola.info\/web\/wp-content\/uploads\/2022\/01\/radio-zet-dziennikarze-i-programy-300x169.jpg 300w, https:\/\/passaparola.info\/web\/wp-content\/uploads\/2022\/01\/radio-zet-dziennikarze-i-programy-768x433.jpg 768w\" ><figcaption>Per ascoltarci clicca sul link : <a href=\"https:\/\/www.radioara.org\/our-shows\/\">radioara.org\/our-shows\/<\/a><\/figcaption><\/figure>\n<\/div>\n<\/div>\n","protected":false},"excerpt":{"rendered":"VOICES BY PASSAPAROLA \u00e8 la trasmissione radiofonica italiana, nata ad aprile 2008, su Radio Ara (Lussemburgo). Va in onda ogni sabato (10.00-11.30) sulle frequenze \u00a0102.9 e 105.2 e in streaming sul sito Live &#8211; Radio ARA. Si occupa di attualit\u00e0&hellip;\n","protected":false},"author":2,"featured_media":5290,"parent":0,"menu_order":0,"comment_status":"closed","ping_status":"closed","template":"","meta":{"_seopress_robots_primary_cat":"","_seopress_titles_title":"","_seopress_titles_desc":"","_seopress_robots_index":""},"_links":{"self":[{"href":"https:\/\/passaparola.info\/web\/wp-json\/wp\/v2\/pages\/5289"}],"collection":[{"href":"https:\/\/passaparola.info\/web\/wp-json\/wp\/v2\/pages"}],"about":[{"href":"https:\/\/passaparola.info\/web\/wp-json\/wp\/v2\/types\/page"}],"author":[{"embeddable":true,"href":"https:\/\/passaparola.info\/web\/wp-json\/wp\/v2\/users\/2"}],"replies":[{"embeddable":true,"href":"https:\/\/passaparola.info\/web\/wp-json\/wp\/v2\/comments?post=5289"}],"version-history":[{"count":6,"href":"https:\/\/passaparola.info\/web\/wp-json\/wp\/v2\/pages\/5289\/revisions"}],"predecessor-version":[{"id":28972,"href":"https:\/\/passaparola.info\/web\/wp-json\/wp\/v2\/pages\/5289\/revisions\/28972"}],"wp:featuredmedia":[{"embeddable":true,"href":"https:\/\/passaparola.info\/web\/wp-json\/wp\/v2\/media\/5290"}],"wp:attachment":[{"href":"https:\/\/passaparola.info\/web\/wp-json\/wp\/v2\/media?parent=5289"}],"curies":[{"name":"wp","href":"https:\/\/api.w.org\/{rel}","templated":true}]}}