{"id":29187,"date":"2025-01-13T14:21:26","date_gmt":"2025-01-13T13:21:26","guid":{"rendered":"https:\/\/passaparola.info\/web\/?page_id=29187"},"modified":"2025-01-14T10:55:59","modified_gmt":"2025-01-14T09:55:59","slug":"passaparola-editions-femmes-libres-a-linterieur-nouveaux-recits","status":"publish","type":"page","link":"https:\/\/passaparola.info\/web\/passaparola-editions-femmes-libres-a-linterieur-nouveaux-recits\/","title":{"rendered":"PassaParola Editions \u2013 Femmes libres \u00e0 l&#8217;int\u00e9rieur &#8211; nouveaux r\u00e9cits"},"content":{"rendered":"\n<div style=\"height:25px\" aria-hidden=\"true\" class=\"wp-block-spacer\"><\/div>\n\n\n\n<h2 id=\"passaparola-editions-femmes-libres-a-linterieur-nouveaux-recits\" class=\"has-white-color has-text-color has-background\" style=\"background-color:#eb343e\">PassaParola Editions \u2013 Femmes libres \u00e0 l&#8217;int\u00e9rieur &#8211; nouveaux r\u00e9cits<\/h2>\n\n\n\n<div class=\"wp-block-columns\">\n<div class=\"wp-block-column\">\n<p><strong>Ces nouveaux r\u00e9cits font suite \u00e0 ceux publi\u00e9s en 2008 en italien et en 2012 en fran\u00e7ais,&nbsp;<em>Libres \u00e0 l\u2019int\u00e9rieur<\/em>. Un fil rouge les relie, un fil qui a en commun le destin de femmes capables de revendiquer courageusement leur libert\u00e9 int\u00e9rieure. Ce sont \u00e0 nouveau des femmes du Sud qui reviennent dans ce livre.&nbsp;Des femmes d\u00e9cid\u00e9es \u00e0 d\u00e9passer les liens ataviques, les st\u00e9r\u00e9otypes et les pr\u00e9jug\u00e9s, avec une audace incroyable pour briser les barri\u00e8res, les coutumes et les tabous.<\/strong><\/p>\n\n\n\n<p>Auteur :&nbsp;Maria Grazia Galati<br>Traduction :&nbsp;Marie Montebello collaboratrice de PassaParola Magazine WEB<br>Relecture: Elisabeth Mehat collaboratrice de PassaParola Magazine WEB<br>Pr\u00e9face : Caldognetto Maria Luisa<\/p>\n\n\n\n<ul><li>PassaParola France Italie &#8211; D\u00e9cembre 2024<\/li><li>Pages : 101<\/li><li>ISBN&nbsp;: &nbsp;978-99959-0-892-8<\/li><li>Prix : 20\u20ac&nbsp;<\/li><\/ul>\n\n\n\n<form action=\"https:\/\/www.paypal.com\/cgi-bin\/webscr\" method=\"post\" target=\"_blank\">\n  <input type=\"hidden\" name=\"cmd\" value=\"_s-xclick\" \/>\n  <input type=\"hidden\" name=\"hosted_button_id\" value=\"Q4MPY56JCAUYN\" \/>\n  <table>\n    <tr>\n      <td>\n        <input type=\"hidden\" name=\"on0\" value=\"Prix du livre + Livraison\"\/>\n        Prix du livre + Livraison\n      <\/td>\n    <\/tr>\n    <tr>\n      <td>\n        <select name=\"os0\">\n          <option value=\"Luxembourg\">\n            Luxembourg 23,20 \u20ac EUR\n          <\/option>\n          <option value=\"Europe\">\n            Europe 25,25 \u20ac EUR\n          <\/option>\n        <\/select>\n      <\/td>\n    <\/tr>\n  <\/table>\n  <input type=\"hidden\" name=\"currency_code\" value=\"EUR\" \/>\n  <input type=\"image\" src=\"https:\/\/www.paypalobjects.com\/fr_FR\/i\/btn\/btn_cart_LG.gif\" border=\"0\" name=\"submit\" title=\"PayPal, votre r\u00e9flexe s\u00e9curit\u00e9 pour payer en ligne.\" alt=\"Ajouter au panier\" \/>\n<\/form>\n<\/div>\n\n\n\n<div class=\"wp-block-column\">\n<figure class=\"wp-block-image size-large\"><img  loading=\"lazy\"  width=\"817\"  height=\"1024\"  src=\"data:image\/png;base64,iVBORw0KGgoAAAANSUhEUgAAAAEAAAABAQMAAAAl21bKAAAAA1BMVEUAAP+KeNJXAAAAAXRSTlMAQObYZgAAAAlwSFlzAAAOxAAADsQBlSsOGwAAAApJREFUCNdjYAAAAAIAAeIhvDMAAAAASUVORK5CYII=\"  alt=\"\"  class=\"wp-image-29188 pk-lazyload\"  data-pk-sizes=\"auto\"  data-ls-sizes=\"(max-width: 817px) 100vw, 817px\"  data-pk-src=\"https:\/\/passaparola.info\/web\/wp-content\/uploads\/2025\/01\/COVER-FemmesLibres-1-recto-817x1024.jpg\"  data-pk-srcset=\"https:\/\/passaparola.info\/web\/wp-content\/uploads\/2025\/01\/COVER-FemmesLibres-1-recto-817x1024.jpg 817w, https:\/\/passaparola.info\/web\/wp-content\/uploads\/2025\/01\/COVER-FemmesLibres-1-recto-239x300.jpg 239w, https:\/\/passaparola.info\/web\/wp-content\/uploads\/2025\/01\/COVER-FemmesLibres-1-recto-768x962.jpg 768w, https:\/\/passaparola.info\/web\/wp-content\/uploads\/2025\/01\/COVER-FemmesLibres-1-recto-800x1002.jpg 800w, https:\/\/passaparola.info\/web\/wp-content\/uploads\/2025\/01\/COVER-FemmesLibres-1-recto.jpg 1000w\" ><\/figure>\n\n\n\n<figure class=\"wp-block-image size-large\"><img  loading=\"lazy\"  width=\"781\"  height=\"1024\"  src=\"data:image\/png;base64,iVBORw0KGgoAAAANSUhEUgAAAAEAAAABAQMAAAAl21bKAAAAA1BMVEUAAP+KeNJXAAAAAXRSTlMAQObYZgAAAAlwSFlzAAAOxAAADsQBlSsOGwAAAApJREFUCNdjYAAAAAIAAeIhvDMAAAAASUVORK5CYII=\"  alt=\"\"  class=\"wp-image-29189 pk-lazyload\"  data-pk-sizes=\"auto\"  data-ls-sizes=\"(max-width: 781px) 100vw, 781px\"  data-pk-src=\"https:\/\/passaparola.info\/web\/wp-content\/uploads\/2025\/01\/COVER-FemmesLibres-1-verso-781x1024.jpg\"  data-pk-srcset=\"https:\/\/passaparola.info\/web\/wp-content\/uploads\/2025\/01\/COVER-FemmesLibres-1-verso-781x1024.jpg 781w, https:\/\/passaparola.info\/web\/wp-content\/uploads\/2025\/01\/COVER-FemmesLibres-1-verso-229x300.jpg 229w, https:\/\/passaparola.info\/web\/wp-content\/uploads\/2025\/01\/COVER-FemmesLibres-1-verso-768x1007.jpg 768w, https:\/\/passaparola.info\/web\/wp-content\/uploads\/2025\/01\/COVER-FemmesLibres-1-verso-1172x1536.jpg 1172w, https:\/\/passaparola.info\/web\/wp-content\/uploads\/2025\/01\/COVER-FemmesLibres-1-verso-800x1049.jpg 800w, https:\/\/passaparola.info\/web\/wp-content\/uploads\/2025\/01\/COVER-FemmesLibres-1-verso-1160x1521.jpg 1160w, https:\/\/passaparola.info\/web\/wp-content\/uploads\/2025\/01\/COVER-FemmesLibres-1-verso.jpg 1200w\" ><\/figure>\n<\/div>\n<\/div>\n","protected":false},"excerpt":{"rendered":"PassaParola Editions \u2013 Femmes libres \u00e0 l&#8217;int\u00e9rieur &#8211; nouveaux r\u00e9cits Ces nouveaux r\u00e9cits font suite \u00e0 ceux publi\u00e9s en 2008 en italien et en 2012 en fran\u00e7ais,&nbsp;Libres \u00e0 l\u2019int\u00e9rieur. Un fil rouge les relie, un fil qui a en commun&hellip;\n","protected":false},"author":16,"featured_media":0,"parent":0,"menu_order":0,"comment_status":"closed","ping_status":"closed","template":"","meta":{"_seopress_robots_primary_cat":"","_seopress_titles_title":"","_seopress_titles_desc":"","_seopress_robots_index":""},"_links":{"self":[{"href":"https:\/\/passaparola.info\/web\/wp-json\/wp\/v2\/pages\/29187"}],"collection":[{"href":"https:\/\/passaparola.info\/web\/wp-json\/wp\/v2\/pages"}],"about":[{"href":"https:\/\/passaparola.info\/web\/wp-json\/wp\/v2\/types\/page"}],"author":[{"embeddable":true,"href":"https:\/\/passaparola.info\/web\/wp-json\/wp\/v2\/users\/16"}],"replies":[{"embeddable":true,"href":"https:\/\/passaparola.info\/web\/wp-json\/wp\/v2\/comments?post=29187"}],"version-history":[{"count":4,"href":"https:\/\/passaparola.info\/web\/wp-json\/wp\/v2\/pages\/29187\/revisions"}],"predecessor-version":[{"id":29222,"href":"https:\/\/passaparola.info\/web\/wp-json\/wp\/v2\/pages\/29187\/revisions\/29222"}],"wp:attachment":[{"href":"https:\/\/passaparola.info\/web\/wp-json\/wp\/v2\/media?parent=29187"}],"curies":[{"name":"wp","href":"https:\/\/api.w.org\/{rel}","templated":true}]}}