{"id":27653,"date":"2024-06-13T11:39:42","date_gmt":"2024-06-13T09:39:42","guid":{"rendered":"https:\/\/passaparola.info\/web\/?page_id=27653"},"modified":"2024-06-19T19:26:00","modified_gmt":"2024-06-19T17:26:00","slug":"sa-die-de-sa-sardigna","status":"publish","type":"page","link":"https:\/\/passaparola.info\/web\/progetti\/sa-die-de-sa-sardigna\/","title":{"rendered":"Sa Die de sa Sardigna"},"content":{"rendered":"\n<p class=\"has-text-align-center\">PassaParola Media Group e <a rel=\"noreferrer noopener\" href=\"https:\/\/www.facebook.com\/profile.php?id=61553723762116\" data-type=\"URL\" data-id=\"https:\/\/www.facebook.com\/profile.php?id=61553723762116\" target=\"_blank\">Danny Chef <\/a>con Aroma Wine Experience, SardService e <a rel=\"noreferrer noopener\" href=\"https:\/\/www.facebook.com\/LuCiLuxembourg\" data-type=\"URL\" data-id=\"https:\/\/www.facebook.com\/LuCiLuxembourg\" target=\"_blank\">Luci Italian Restaurant <\/a><\/p>\n\n\n\n<p class=\"has-text-align-center\">in collaborazione con il circolo &#8220;Su Nuraghe&#8221; di Farebersviller (F) presentano Sa Die de Sa Sardegna, per la prima volta nel Granducato una Giornata dedicata alla Sardegna. Con introduzione storica,  menu sardo, vini sardi, musica e prodotti alimentari provenienti dall&#8217;isola pi\u00f9 bella del Mediterraneo.<\/p>\n\n\n\n<p class=\"has-text-align-center\">Sabato 13 luglio dalle 17 alle 23 presso <a rel=\"noreferrer noopener\" href=\"https:\/\/www.facebook.com\/Microtarians\" data-type=\"URL\" data-id=\"https:\/\/www.facebook.com\/Microtarians\" target=\"_blank\">Microtarians<\/a>  (Luxembourg-Ville, quartiere Kirchberg)<\/p>\n\n\n\n<p>Prenotazione obbligatoria entro il 2 luglio, con anticipo di 25\u20ac a persona da versare a  <strong>PassaParola asbl<\/strong> Causale: FESTA SARDA (Specificando che tipo di menu) &#8211; IBAN: LU42 0019 1955 5203 5000 (BIC: BCEELULL)<\/p>\n\n\n\n<div class=\"wp-block-image\"><figure class=\"aligncenter size-large\"><img  loading=\"lazy\"  width=\"724\"  height=\"1024\"  src=\"data:image\/png;base64,iVBORw0KGgoAAAANSUhEUgAAAAEAAAABAQMAAAAl21bKAAAAA1BMVEUAAP+KeNJXAAAAAXRSTlMAQObYZgAAAAlwSFlzAAAOxAAADsQBlSsOGwAAAApJREFUCNdjYAAAAAIAAeIhvDMAAAAASUVORK5CYII=\"  alt=\"\"  class=\"wp-image-27679 pk-lazyload\"  data-pk-sizes=\"auto\"  data-ls-sizes=\"(max-width: 724px) 100vw, 724px\"  data-pk-src=\"https:\/\/passaparola.info\/web\/wp-content\/uploads\/2024\/06\/BannerWeb2-SardegnaSAGRA-1.jpg\"  data-pk-srcset=\"https:\/\/passaparola.info\/web\/wp-content\/uploads\/2024\/06\/BannerWeb2-SardegnaSAGRA-1.jpg 724w, https:\/\/passaparola.info\/web\/wp-content\/uploads\/2024\/06\/BannerWeb2-SardegnaSAGRA-1-212x300.jpg 212w\" ><\/figure><\/div>\n\n\n\n<div style=\"height:100px\" aria-hidden=\"true\" class=\"wp-block-spacer\"><\/div>\n\n\n\n<div class=\"wp-block-columns\">\n<div class=\"wp-block-column\">\n<h4 id=\"menu-completo55-euro\" class=\"has-white-color has-luminous-vivid-orange-background-color has-text-color has-background\">Men\u00f9 completo<br>55 euro<\/h4>\n\n\n\n<p>Pagamento Anticipo di 25 euros<\/p>\n\n\n\n<form action=\"https:\/\/www.paypal.com\/cgi-bin\/webscr\" method=\"post\" target=\"_blank\">\n  <input type=\"hidden\" name=\"cmd\" value=\"_s-xclick\">\n  <input type=\"hidden\" name=\"hosted_button_id\" value=\"AU9WUA6R55X7G\">\n  <input type=\"hidden\" name=\"currency_code\" value=\"EUR\">\n  <input type=\"image\" src=\"https:\/\/www.paypalobjects.com\/fr_XC\/i\/btn\/btn_cart_LG.gif\" border=\"0\" name=\"submit\" title=\"PayPal, votre r\u00e9flexe s\u00e9curit\u00e9 pour payer en ligne.\" alt=\"Ajouter au panier\">\n<\/form>\n\n\n\n<p>Pagamento totale di 55 euros<\/p>\n\n\n\n<form action=\"https:\/\/www.paypal.com\/cgi-bin\/webscr\" method=\"post\" target=\"_blank\">\n  <input type=\"hidden\" name=\"cmd\" value=\"_s-xclick\">\n  <input type=\"hidden\" name=\"hosted_button_id\" value=\"QSRPP8QX666U8\">\n  <input type=\"hidden\" name=\"currency_code\" value=\"EUR\">\n  <input type=\"image\" src=\"https:\/\/www.paypalobjects.com\/fr_XC\/i\/btn\/btn_cart_LG.gif\" border=\"0\" name=\"submit\" title=\"PayPal, votre r\u00e9flexe s\u00e9curit\u00e9 pour payer en ligne.\" alt=\"Ajouter au panier\">\n<\/form>\n<\/div>\n\n\n\n<div class=\"wp-block-column\">\n<h4 id=\"menu-vegetariano40-euro\" class=\"has-white-color has-luminous-vivid-orange-background-color has-text-color has-background\">Men\u00f9 vegetariano<br>40 euro<\/h4>\n\n\n\n<p>Pagamento Anticipo di 25 euros<\/p>\n\n\n\n<form action=\"https:\/\/www.paypal.com\/cgi-bin\/webscr\" method=\"post\" target=\"_blank\">\n  <input type=\"hidden\" name=\"cmd\" value=\"_s-xclick\">\n  <input type=\"hidden\" name=\"hosted_button_id\" value=\"G9S2TSVEHSCJG\">\n  <input type=\"hidden\" name=\"currency_code\" value=\"EUR\">\n  <input type=\"image\" src=\"https:\/\/www.paypalobjects.com\/fr_XC\/i\/btn\/btn_cart_LG.gif\" border=\"0\" name=\"submit\" title=\"PayPal, votre r\u00e9flexe s\u00e9curit\u00e9 pour payer en ligne.\" alt=\"Ajouter au panier\">\n<\/form>\n\n\n\n<p>Pagamento totale di 40 euro<\/p>\n\n\n\n<form action=\"https:\/\/www.paypal.com\/cgi-bin\/webscr\" method=\"post\" target=\"_blank\">\n  <input type=\"hidden\" name=\"cmd\" value=\"_s-xclick\">\n  <input type=\"hidden\" name=\"hosted_button_id\" value=\"HPG2SJEWPL3UA\">\n  <input type=\"hidden\" name=\"currency_code\" value=\"EUR\">\n  <input type=\"image\" src=\"https:\/\/www.paypalobjects.com\/fr_XC\/i\/btn\/btn_cart_LG.gif\" border=\"0\" name=\"submit\" title=\"PayPal, votre r\u00e9flexe s\u00e9curit\u00e9 pour payer en ligne.\" alt=\"Ajouter au panier\">\n<\/form>\n<\/div>\n\n\n\n<div class=\"wp-block-column\">\n<h4 id=\"menu-bambini25-euro\" class=\"has-white-color has-luminous-vivid-orange-background-color has-text-color has-background\">Men\u00f9 bambini<br>25 euro<\/h4>\n\n\n\n<p>Pagamento di 25 euros<\/p>\n\n\n\n<form action=\"https:\/\/www.paypal.com\/cgi-bin\/webscr\" method=\"post\" target=\"_blank\">\n  <input type=\"hidden\" name=\"cmd\" value=\"_s-xclick\">\n  <input type=\"hidden\" name=\"hosted_button_id\" value=\"44V3LCNHUJQDG\">\n  <input type=\"hidden\" name=\"currency_code\" value=\"EUR\">\n  <input type=\"image\" src=\"https:\/\/www.paypalobjects.com\/fr_XC\/i\/btn\/btn_cart_LG.gif\" border=\"0\" name=\"submit\" title=\"PayPal, votre r\u00e9flexe s\u00e9curit\u00e9 pour payer en ligne.\" alt=\"Ajouter au panier\">\n<\/form>\n<\/div>\n<\/div>\n","protected":false},"excerpt":{"rendered":"PassaParola Media Group e Danny Chef con Aroma Wine Experience, SardService e Luci Italian Restaurant in collaborazione con il circolo &#8220;Su Nuraghe&#8221; di Farebersviller (F) presentano Sa Die de Sa Sardegna, per la prima volta nel Granducato una Giornata dedicata&hellip;\n","protected":false},"author":16,"featured_media":27681,"parent":13120,"menu_order":0,"comment_status":"closed","ping_status":"closed","template":"","meta":{"_seopress_robots_primary_cat":"","_seopress_titles_title":"","_seopress_titles_desc":"","_seopress_robots_index":""},"_links":{"self":[{"href":"https:\/\/passaparola.info\/web\/wp-json\/wp\/v2\/pages\/27653"}],"collection":[{"href":"https:\/\/passaparola.info\/web\/wp-json\/wp\/v2\/pages"}],"about":[{"href":"https:\/\/passaparola.info\/web\/wp-json\/wp\/v2\/types\/page"}],"author":[{"embeddable":true,"href":"https:\/\/passaparola.info\/web\/wp-json\/wp\/v2\/users\/16"}],"replies":[{"embeddable":true,"href":"https:\/\/passaparola.info\/web\/wp-json\/wp\/v2\/comments?post=27653"}],"version-history":[{"count":38,"href":"https:\/\/passaparola.info\/web\/wp-json\/wp\/v2\/pages\/27653\/revisions"}],"predecessor-version":[{"id":27741,"href":"https:\/\/passaparola.info\/web\/wp-json\/wp\/v2\/pages\/27653\/revisions\/27741"}],"up":[{"embeddable":true,"href":"https:\/\/passaparola.info\/web\/wp-json\/wp\/v2\/pages\/13120"}],"wp:featuredmedia":[{"embeddable":true,"href":"https:\/\/passaparola.info\/web\/wp-json\/wp\/v2\/media\/27681"}],"wp:attachment":[{"href":"https:\/\/passaparola.info\/web\/wp-json\/wp\/v2\/media?parent=27653"}],"curies":[{"name":"wp","href":"https:\/\/api.w.org\/{rel}","templated":true}]}}