{"id":27607,"date":"2024-06-12T10:10:34","date_gmt":"2024-06-12T08:10:34","guid":{"rendered":"https:\/\/passaparola.info\/web\/?page_id=27607"},"modified":"2024-06-12T16:39:39","modified_gmt":"2024-06-12T14:39:39","slug":"passaparola-editions-nessuna-conseguenza","status":"publish","type":"page","link":"https:\/\/passaparola.info\/web\/passaparola-editions-nessuna-conseguenza\/","title":{"rendered":"PassaParola Editions \u2013 Nessuna Conseguenza"},"content":{"rendered":"\n<div style=\"height:25px\" aria-hidden=\"true\" class=\"wp-block-spacer\"><\/div>\n\n\n\n<h2 id=\"passaparola-editions-nessuna-conseguenza\" class=\"has-white-color has-text-color has-background\" style=\"background-color:#eb343e\">PassaParola Editions &#8211; Nessuna Conseguenza<\/h2>\n\n\n\n<div class=\"wp-block-columns\">\n<div class=\"wp-block-column\">\n<p>Tempo. Donne. Musica.<\/p>\n\n\n\n<p>Tre onde che in\u00a0<strong>Nessuna Conseguenza. Storie di donne combattenti e della musica che le ha salvate, il nuovo libro di Gilda Luzzi,\u00a0<\/strong>si rincorrono, si intrecciano, avanzano e si confondono, conducendo il lettore nelle maree della vita.\u00a0Il Tempo diviene esistenza: il respiro del nascere, lo stupore dell\u2019infanzia, la scoperta dell\u2019adolescenza, la forza dell\u2019essere adulto, la saggezza della terza et\u00e0, il respiro del morire.\u00a0Il Tempo nella storia di Donne coraggiose che nei momenti di apnea, quando la vita quel respiro sembra\u00a0mozzarlo,\u00a0hanno trovato nella Musica nuova aria da far entrare, nuovo spazio da abitare.<\/p>\n\n\n\n<p>Nato per omaggiare un importante traguardo personale di una grande Artista qual \u00e8&nbsp;<strong>Fiorella Mannoia,<\/strong>&nbsp;Nessuna Conseguenza &#8211; che dalle sue canzoni mutua il titolo non solo del libro ma anche quello dei singoli capitoli &#8211; \u00e8 il racconto di tante Donne che combattono e non si danno per vinte. Donne che sono il risultato della loro determinazione e resistenza, della loro voglia di andare avanti, nonostante tutto, anche grazie alla loro musica interiore che talvolta trova espressione, rappresentazione, forma nella musica di artisti &#8211; come Fiorella Mannoia &#8211; che arrivano dritti al cuore, parlando ai bisogni autentici troppo spesso tacitati.&nbsp;In Nessuna Conseguenza sono narrate storie di Donne, il cui diritto ad essere se stesse troppe volte \u00e8 ancora fragile, traballante, disconosciuto.<\/p>\n\n\n\n<p>Ma questo libro non \u00e8 solo per le Donne.&nbsp;<\/p>\n\n\n\n<p>\u00c8 un libro per tutti gli esseri umani che caparbiamente scelgono con la testa e con il cuore la musica che sostiene i loro passi nel Tempo.<\/p>\n\n\n\n<ul><li><strong>ISBN:<\/strong>\u00a09791222738956<\/li><li>pag. 94 colori con foto<\/li><li>prezzo di vendita euro 15,50<\/li><li>Venduto su tutte le piattaforme on line IBS, Amazon, Libreria Universitaria ecc. e nelle librerie fisiche su prenotazione<\/li><li>versione e-book<\/li><\/ul>\n\n\n\n<p><\/p>\n<\/div>\n\n\n\n<div class=\"wp-block-column\">\n<figure class=\"wp-block-image size-large\"><img  loading=\"lazy\"  width=\"482\"  height=\"609\"  src=\"data:image\/png;base64,iVBORw0KGgoAAAANSUhEUgAAAAEAAAABAQMAAAAl21bKAAAAA1BMVEUAAP+KeNJXAAAAAXRSTlMAQObYZgAAAAlwSFlzAAAOxAAADsQBlSsOGwAAAApJREFUCNdjYAAAAAIAAeIhvDMAAAAASUVORK5CYII=\"  alt=\"\"  class=\"wp-image-27599 pk-lazyload\"  data-pk-sizes=\"auto\"  data-ls-sizes=\"(max-width: 482px) 100vw, 482px\"  data-pk-src=\"https:\/\/passaparola.info\/web\/wp-content\/uploads\/2024\/06\/NESSUNA-CONSEGUENZA.jpg\"  data-pk-srcset=\"https:\/\/passaparola.info\/web\/wp-content\/uploads\/2024\/06\/NESSUNA-CONSEGUENZA.jpg 482w, https:\/\/passaparola.info\/web\/wp-content\/uploads\/2024\/06\/NESSUNA-CONSEGUENZA-237x300.jpg 237w\" ><\/figure>\n<\/div>\n<\/div>\n\n\n\n<form action=\"https:\/\/www.paypal.com\/cgi-bin\/webscr\" method=\"post\" target=\"_blank\">\n  <input type=\"hidden\" name=\"cmd\" value=\"_s-xclick\" \/>\n  <input type=\"hidden\" name=\"hosted_button_id\" value=\"5MBVLNRPRWBXJ\" \/>\n  <table>\n    <tr>\n      <td>\n        <input type=\"hidden\" name=\"on0\" value=\"Prix du livre + Livraison\"\/>\n        Prix du livre + Livraison\n      <\/td>\n    <\/tr>\n    <tr>\n      <td>\n        <select name=\"os0\">\n          <option value=\"Luxembourg\">\n            Luxembourg 15,50 \u20ac EUR\n          <\/option>\n          <option value=\"Europe\">\n            Europe 18,50 \u20ac EUR\n          <\/option>\n        <\/select>\n      <\/td>\n    <\/tr>\n  <\/table>\n  <input type=\"hidden\" name=\"currency_code\" value=\"EUR\" \/>\n  <input type=\"image\" src=\"https:\/\/www.paypalobjects.com\/fr_FR\/i\/btn\/btn_cart_SM.gif\" border=\"0\" name=\"submit\" title=\"PayPal, votre r\u00e9flexe s\u00e9curit\u00e9 pour payer en ligne.\" alt=\"Ajouter au panier\" \/>\n<\/form>\n","protected":false},"excerpt":{"rendered":"PassaParola Editions &#8211; Nessuna Conseguenza Tempo. Donne. Musica. Tre onde che in\u00a0Nessuna Conseguenza. Storie di donne combattenti e della musica che le ha salvate, il nuovo libro di Gilda Luzzi,\u00a0si rincorrono, si intrecciano, avanzano e si confondono, conducendo il lettore&hellip;\n","protected":false},"author":16,"featured_media":0,"parent":0,"menu_order":0,"comment_status":"closed","ping_status":"closed","template":"","meta":{"_seopress_robots_primary_cat":"","_seopress_titles_title":"","_seopress_titles_desc":"","_seopress_robots_index":""},"_links":{"self":[{"href":"https:\/\/passaparola.info\/web\/wp-json\/wp\/v2\/pages\/27607"}],"collection":[{"href":"https:\/\/passaparola.info\/web\/wp-json\/wp\/v2\/pages"}],"about":[{"href":"https:\/\/passaparola.info\/web\/wp-json\/wp\/v2\/types\/page"}],"author":[{"embeddable":true,"href":"https:\/\/passaparola.info\/web\/wp-json\/wp\/v2\/users\/16"}],"replies":[{"embeddable":true,"href":"https:\/\/passaparola.info\/web\/wp-json\/wp\/v2\/comments?post=27607"}],"version-history":[{"count":6,"href":"https:\/\/passaparola.info\/web\/wp-json\/wp\/v2\/pages\/27607\/revisions"}],"predecessor-version":[{"id":27615,"href":"https:\/\/passaparola.info\/web\/wp-json\/wp\/v2\/pages\/27607\/revisions\/27615"}],"wp:attachment":[{"href":"https:\/\/passaparola.info\/web\/wp-json\/wp\/v2\/media?parent=27607"}],"curies":[{"name":"wp","href":"https:\/\/api.w.org\/{rel}","templated":true}]}}