{"id":25217,"date":"2023-11-09T09:10:56","date_gmt":"2023-11-09T08:10:56","guid":{"rendered":"https:\/\/passaparola.info\/web\/?page_id=25217"},"modified":"2026-02-02T08:45:29","modified_gmt":"2026-02-02T07:45:29","slug":"larrivee-de-la-jeunesse","status":"publish","type":"page","link":"https:\/\/passaparola.info\/web\/progetti\/larrivee-de-la-jeunesse\/","title":{"rendered":"L&#8217;Arriv\u00e9e de la Jeunesse"},"content":{"rendered":"\n<div class=\"wp-block-columns\">\n<div class=\"wp-block-column\">\n<div class=\"wp-block-image\"><figure class=\"aligncenter size-large is-resized\"><img  loading=\"lazy\"  src=\"data:image\/png;base64,iVBORw0KGgoAAAANSUhEUgAAAAEAAAABAQMAAAAl21bKAAAAA1BMVEUAAP+KeNJXAAAAAXRSTlMAQObYZgAAAAlwSFlzAAAOxAAADsQBlSsOGwAAAApJREFUCNdjYAAAAAIAAeIhvDMAAAAASUVORK5CYII=\"  alt=\"\"  class=\"wp-image-19956 pk-lazyload\"  width=\"359\"  height=\"512\"  data-pk-sizes=\"auto\"  data-ls-sizes=\"(max-width: 359px) 100vw, 359px\"  data-pk-src=\"https:\/\/passaparola.info\/web\/wp-content\/uploads\/2022\/09\/locandina_film-page-001-717x1024.jpg\"  data-pk-srcset=\"https:\/\/passaparola.info\/web\/wp-content\/uploads\/2022\/09\/locandina_film-page-001-717x1024.jpg 717w, https:\/\/passaparola.info\/web\/wp-content\/uploads\/2022\/09\/locandina_film-page-001-210x300.jpg 210w, https:\/\/passaparola.info\/web\/wp-content\/uploads\/2022\/09\/locandina_film-page-001-768x1097.jpg 768w, https:\/\/passaparola.info\/web\/wp-content\/uploads\/2022\/09\/locandina_film-page-001-1075x1536.jpg 1075w, https:\/\/passaparola.info\/web\/wp-content\/uploads\/2022\/09\/locandina_film-page-001-1434x2048.jpg 1434w, https:\/\/passaparola.info\/web\/wp-content\/uploads\/2022\/09\/locandina_film-page-001-800x1143.jpg 800w, https:\/\/passaparola.info\/web\/wp-content\/uploads\/2022\/09\/locandina_film-page-001-1160x1657.jpg 1160w, https:\/\/passaparola.info\/web\/wp-content\/uploads\/2022\/09\/locandina_film-page-001-scaled.jpg 1792w\" ><\/figure><\/div>\n<\/div>\n\n\n\n<div class=\"wp-block-column\">\n<p><em>L\u2019Arriv\u00e9e de la Jeunesse<\/em> il docufilm con la regia di Fabio Bottani che racconta un secolo di storia dell\u2019emigrazione italiana in Lussemburgo e in Lorena, realizzato da PassaParola nel quadro di Esch2022 Capitale Europea della Cultura \u00e8 stato selezionato, dalla <em>d&#8217;filmakademie <\/em>e<em> Film Fund Luxembourg, <\/em>nella categoria <em>Migliore lungometraggio lussemburghese<\/em> al <strong>L\u00ebtzebuerger Filmpr\u00e4is<\/strong> che premia i migliori contributi del cinema e dell&#8217;audiovisivo lussemburghesi.  La cerimonia si \u00e8 tenuta la sera di sabato 11 novembre 2023 al Grand Th\u00e9\u00e2tre di Luxembourg-ville.<\/p>\n<\/div>\n<\/div>\n\n\n\n<p>La sceneggiatura del film, scritta da Fabio Restelli, si \u00e8 ispirata ai libri di Luigi Peruzzi<br>&#8220;<strong>Le mie Memorie e Diario di Berlino 1944-1945<\/strong>&#8221; (Metauro edizioni, Pesaro 2008<br>ISBN 978-88-6156-027-7) e di Remo Ceccarelli &#8220;<strong><a href=\"https:\/\/passaparola.info\/web\/passaparola-editions-tanti-italiani-fa-in-lussemburgo\/\" data-type=\"URL\" data-id=\"https:\/\/passaparola.info\/web\/passaparola-editions-tanti-italiani-fa-in-lussemburgo\/\">Tanti italiani fa\u2026.in Lussemburgo. Viaggio nella memoria (e un po\u2019 di storia) della nostra emigrazione<\/a>&#8220;<\/strong> (PassaParola Editions, Luxembourg 2019) che raccoglie gli articoli pubblicati in circa dieci anni su PassaParola Mag, rivista italiana in Lussemburgo (Francia e Germania). Recentemente il testo di Remo Ceccarelli \u00e8 stato tradotto  in lingua francese da Oreste Sacchelli  con il titolo &#8220;<strong><a href=\"https:\/\/passaparola.info\/web\/passaparola-editions-2023-des-italiens-jadis-dans-lepopee-du-fer\/\" data-type=\"URL\" data-id=\"https:\/\/passaparola.info\/web\/passaparola-editions-2023-des-italiens-jadis-dans-lepopee-du-fer\/\">Des italiens, jadis, dans l\u2019\u00e9pop\u00e9e du fer (au Luxembourg et au-del\u00e0 de la fronti\u00e8re<\/a>)<\/strong>&#8220;(PassaParola Editions, Luxembourg 20203).<\/p>\n\n\n\n<p>Leggi anche : <a href=\"https:\/\/passaparola.info\/web\/?s=jeunesse\">&#8220;jeunesse&#8221; &#8211; PassaParola Magazine<\/a><\/p>\n\n\n\n<figure class=\"wp-block-image size-large\"><img  loading=\"lazy\"  width=\"1024\"  height=\"538\"  src=\"data:image\/png;base64,iVBORw0KGgoAAAANSUhEUgAAAAEAAAABAQMAAAAl21bKAAAAA1BMVEUAAP+KeNJXAAAAAXRSTlMAQObYZgAAAAlwSFlzAAAOxAAADsQBlSsOGwAAAApJREFUCNdjYAAAAAIAAeIhvDMAAAAASUVORK5CYII=\"  alt=\"\"  class=\"wp-image-25249 pk-lazyload\"  data-pk-sizes=\"auto\"  data-ls-sizes=\"(max-width: 1024px) 100vw, 1024px\"  data-pk-src=\"https:\/\/passaparola.info\/web\/wp-content\/uploads\/2023\/11\/films-1024x538.jpg\"  data-pk-srcset=\"https:\/\/passaparola.info\/web\/wp-content\/uploads\/2023\/11\/films-1024x538.jpg 1024w, https:\/\/passaparola.info\/web\/wp-content\/uploads\/2023\/11\/films-300x157.jpg 300w, https:\/\/passaparola.info\/web\/wp-content\/uploads\/2023\/11\/films-768x403.jpg 768w, https:\/\/passaparola.info\/web\/wp-content\/uploads\/2023\/11\/films-1536x806.jpg 1536w, https:\/\/passaparola.info\/web\/wp-content\/uploads\/2023\/11\/films-380x200.jpg 380w, https:\/\/passaparola.info\/web\/wp-content\/uploads\/2023\/11\/films-800x420.jpg 800w, https:\/\/passaparola.info\/web\/wp-content\/uploads\/2023\/11\/films-1160x609.jpg 1160w, https:\/\/passaparola.info\/web\/wp-content\/uploads\/2023\/11\/films.jpg 2048w\" ><\/figure>\n\n\n\n<h2 id=\"proiezioni-passate\">PROIEZIONI PASSATE<\/h2>\n\n\n\n<p><strong>2026<\/strong><br>31.01.2026 : Chambre Bleue Luxembourg<\/p>\n\n\n\n<p><strong>2025<\/strong><br>06.11.2025 : Longlaville &#8211; France &#8211; Rencontre avec le r\u00e9alisateur<br>25.10.2025 : Ettelbruck &#8211; F\u00eate 40 ans D\u00e9partement des Immigr\u00e9s OGBL<br>21.9.2025\u00a0: Saarbr\u00fccken, organizzato dal Comites Saar<br>20.08.2025 : Sunset Cin\u00e9ma,\u00a0 Esch Gaalgebierg (Esch\u00a0sur\u00a0Alzette) &#8211; entrata gratuit &#8211; <a rel=\"noreferrer noopener\" href=\"https:\/\/www.sunsetcinema.lu\/#timetable\" target=\"_blank\">Sunset Cinema<\/a><br>22.05.2025 &#8211; Centre national de l&#8217;audiovisuel &#8211; Dudelange &#8211; Grand-Duch\u00e9 de Luxembourg<br>10.05.2025 &#8211; 17h00 &#8211; Projection et rencontre Centre Culturel de Junglinster (Entr\u00e9e libre &#8211; Vin d&#8217;honneur)<br><a rel=\"noreferrer noopener\" href=\"https:\/\/www.junglinster.lu\/agenda\/eventdetail\/2025-05-10\/film-projektioun-larrivee-de-la-jeunesse\" target=\"_blank\">https:\/\/www.junglinster.lu\/agenda\/eventdetail\/2025-05-10\/film-projektioun-larrivee-de-la-jeunesse<\/a><br>27.03.2025 : Bois du Cazier \u00e0 Marcinelle<br>24.03.2025 : Rotondes, Luxembourg-ville<br>23.04.2025 : Projection et rencontre Kulturhuef, Grevenmacher<\/p>\n\n\n\n<p><strong>2024<br><\/strong>19.12.2024 : M\u00e9diath\u00e8que de Maizi\u00e8res l\u00e8s Metz (Francia)<br>28.11.2024 : Fondation Biermans-Lap\u00f4tre de Paris<br>26.11.2024 : Centre Culturel CELO , Hesperange<br>22.10.2024 : Sestri Ponente &#8211; Genova &#8211; Teatro Akropolis<br>07.11.2024 : Diekirch Cin\u00e9 Scala<br>28.05.2024 : partenariat avec l&#8217;association Figli del Gonzaga, sous l&#8217;\u00e9gide du Comites de Metz<br>05.05.2024 : Clae, Organis\u00e9 par Associazione Trentini in Lussemburgo<br>04.05.2024 : Projection et rencontre &#8211; Dante Alighieri Lussemburgo &amp; Libreria Italiana Lussemburgo<br>29.04.2024 : Cin\u00e9 Starlight Dudelange avec rencontre<br>17.04.4024 : Cin\u00e9ma UTOPIA &#8211; Organis\u00e9 par www.gero.lu<br>11.04.2024 : Lecce<br>09.04.2024 : Bari &#8211; Cineporto<br>19.03.2024 : Parigi, Maison d&#8217;Italie Cit\u00e9 Internationale Universitaire de Paris<br>21.03.2024 : Berne (organis\u00e9 par le MInist\u00e8re des Affaires Etrangers du Luxembourg)<\/p>\n\n\n\n<p><strong>2023<\/strong><br>18.12.2023 : 19h00 P\u00e9tange Salle de Culture Am Rousen<br>23.11.2023 : 20h00 Esch-sur-Alzette Cin\u00e9 Th\u00e9atre Ariston<br>03.11.2023 : 20h00 Saarbr\u00fccken (DE) Cin\u00e9ma Achteinhalb<br>11.2023 : Festival du Film Italien de Villerupt 2023<br>06.02.2023 : Cin\u00e9ma SCALA \u00e0 Diekirch<br>09.02.2023 : Cin\u00e9ma SCALA \u00e0 Thionville<br>25.02.2023 : Festival des Migrations, Culture et Citoyennet\u00e9<br>02.03.2023 : Diekirch<br>15.04.2023 : Roma<br>20.04.2023 : Streik (Esch-Alzette)<br>09.05.2023 : Rumelange<br>21.05.2023 : Milano cinema Anteo<br>23.05.2023 : Salle CELO &#8211; Hesperange<br>14.06.2023 : Milano,Cinema Anteo spaziocinema.info<br>16.10.2023 : 19h00 Centre Barbl\u00e9 (avec rencontre)<br>25.09.2023 : Bruxelles &#8211; IIC &#8211; con incontro<\/p>\n\n\n\n<p><strong>2022<\/strong><br>22.09.2022 : Schifflange : Cin\u00e9ma Utopia<br>28.09.2022 : Hall Polyvalent de Schifflange<br>29.09.2022 : Sede delle officine Meccaniche Reggiane<br>05.10.2022 : Differdange, Alt Stadhaus<br>13.02.2022 al 02.10.2022 : Luxembourg-ville, cin\u00e9ma Utopia<br>24.10.2022 : Battipaglia<br>02.11.2022 : Cin\u00e9math\u00e8que de la Ville de Luxembourg<br>06.11.2022 : L&#8217;Arche, Villerupt<br>09.11.2022 : Cinestarlight, Dudelange<br>21.11.2022 : Circolo &#8220;E.Curiel&#8221; (Lux-ville)<br>01.12.2022 : Circolo &#8220;E.Curiel&#8221; (Lux-ville)<\/p>\n","protected":false},"excerpt":{"rendered":"L\u2019Arriv\u00e9e de la Jeunesse il docufilm con la regia di Fabio Bottani che racconta un secolo di storia dell\u2019emigrazione italiana in Lussemburgo e in Lorena, realizzato da PassaParola nel quadro di Esch2022 Capitale Europea della Cultura \u00e8 stato selezionato, dalla&hellip;\n","protected":false},"author":16,"featured_media":0,"parent":13120,"menu_order":0,"comment_status":"closed","ping_status":"closed","template":"","meta":{"_seopress_robots_primary_cat":"","_seopress_titles_title":"","_seopress_titles_desc":"","_seopress_robots_index":""},"_links":{"self":[{"href":"https:\/\/passaparola.info\/web\/wp-json\/wp\/v2\/pages\/25217"}],"collection":[{"href":"https:\/\/passaparola.info\/web\/wp-json\/wp\/v2\/pages"}],"about":[{"href":"https:\/\/passaparola.info\/web\/wp-json\/wp\/v2\/types\/page"}],"author":[{"embeddable":true,"href":"https:\/\/passaparola.info\/web\/wp-json\/wp\/v2\/users\/16"}],"replies":[{"embeddable":true,"href":"https:\/\/passaparola.info\/web\/wp-json\/wp\/v2\/comments?post=25217"}],"version-history":[{"count":18,"href":"https:\/\/passaparola.info\/web\/wp-json\/wp\/v2\/pages\/25217\/revisions"}],"predecessor-version":[{"id":33232,"href":"https:\/\/passaparola.info\/web\/wp-json\/wp\/v2\/pages\/25217\/revisions\/33232"}],"up":[{"embeddable":true,"href":"https:\/\/passaparola.info\/web\/wp-json\/wp\/v2\/pages\/13120"}],"wp:attachment":[{"href":"https:\/\/passaparola.info\/web\/wp-json\/wp\/v2\/media?parent=25217"}],"curies":[{"name":"wp","href":"https:\/\/api.w.org\/{rel}","templated":true}]}}