{"id":25012,"date":"2019-02-26T17:15:19","date_gmt":"2019-02-26T16:15:19","guid":{"rendered":"https:\/\/passaparola.info\/web\/?page_id=25012"},"modified":"2023-11-08T19:53:44","modified_gmt":"2023-11-08T18:53:44","slug":"passaparola-editions-2023-des-italiens-jadis-dans-lepopee-du-fer","status":"publish","type":"page","link":"https:\/\/passaparola.info\/web\/passaparola-editions-2023-des-italiens-jadis-dans-lepopee-du-fer\/","title":{"rendered":"PassaParola Editions, 2023 \u2013 Des italiens, jadis, dans l\u2019\u00e9pop\u00e9e du fer"},"content":{"rendered":"\n<div style=\"height:25px\" aria-hidden=\"true\" class=\"wp-block-spacer\"><\/div>\n\n\n\n<h2 id=\"passaparola-editions-2023-des-italiens-jadis-dans-lepopee-du-fer-au-luxembourg-et-au-dela-de-la-frontiere\" class=\"has-white-color has-text-color has-background\" style=\"background-color:#eb343e\"><strong>PassaParola Editions, 2023 \u2013 Des italiens, jadis, dans l\u2019\u00e9pop\u00e9e du fer (au Luxembourg et au-del\u00e0 de la fronti\u00e8re)<\/strong><\/h2>\n\n\n\n<div class=\"wp-block-columns\">\n<div class=\"wp-block-column\">\n<p>L\u2019immigration italienne massive au Grand-Duch\u00e9 et \u00e0 la Grande r\u00e9gion remonte aux deux derni\u00e8res d\u00e9cennies du 19<sup>e<\/sup>&nbsp;si\u00e8cle et a subi une s\u00e9rie de flux et reflux provoqu\u00e9s par des \u00e9v\u00e9nements historiques de port\u00e9e internationale. L\u2019auteur, issu de cette migration intimement li\u00e9e \u00e0 l\u2019\u00e9pop\u00e9e du fer, tente de passer en revue tous les aspects des protagonistes des diff\u00e9rentes \u00e9poques. Dans un style vari\u00e9, mais souvent d\u00e9jant\u00e9, le quotidien des familles de m\u00e9tallos et de mineurs de fond est pass\u00e9 au crible, ainsi que celui des associations et organisations&nbsp;<em>italo-quelque chose<\/em>&nbsp;sportives, politiques, religieuses ou culturelles.<\/p>\n\n\n\n<p><strong>Auteur :<\/strong>\u00a0Remo Ceccarelli<br><strong>Traduction :<\/strong>\u00a0Oreste Sacchelli, Professeur \u00e9m\u00e9rite,\u00a0langue et culture de l&#8217;Italie contemporaine. Directeur artistique du\u00a0<em>Festival du Film Italien de Villerupt<\/em><br><strong>Pr\u00e9face :<\/strong>\u00a0Claude Frisoni<br><strong>PassaParola Editions &#8211; Octobre 2023<\/strong><br>270 pages<br>ISBN\u00a0: <strong>978-99959-0-892-8<\/strong><br><strong>Prezzo di copertina: 20\u20ac (escluse spese di spedizione)<\/strong><\/p>\n\n\n\n<form action=\"https:\/\/www.paypal.com\/cgi-bin\/webscr\" method=\"post\" target=\"_blank\">\n  <input type=\"hidden\" name=\"cmd\" value=\"_s-xclick\" \/>\n  <input type=\"hidden\" name=\"hosted_button_id\" value=\"LSPFA48YR34S4\" \/>\n  <table>\n    <tr>\n      <td>\n        <input type=\"hidden\" name=\"on0\" value=\"Prix du livre + Livraison\"\/>\n        Prix du livre + Livraison\n      <\/td>\n    <\/tr>\n    <tr>\n      <td>\n        <select name=\"os0\">\n          <option value=\"Luxembourg\">\n            Luxembourg 23,20 EUR\n          <\/option>\n          <option value=\"Europe\">\n            Europe 25,25 EUR\n          <\/option>\n        <\/select>\n      <\/td>\n    <\/tr>\n  <\/table>\n  <input type=\"hidden\" name=\"currency_code\" value=\"EUR\" \/>\n  <input type=\"image\" src=\"https:\/\/www.paypalobjects.com\/fr_FR\/i\/btn\/btn_cart_SM.gif\" border=\"0\" name=\"submit\" title=\"PayPal, votre r\u00e9flexe s\u00e9curit\u00e9 pour payer en ligne.\" alt=\"Ajouter au panier\" \/>\n<\/form>\n<\/div>\n\n\n\n<div class=\"wp-block-column\">\n<figure class=\"wp-block-image size-large\"><img  loading=\"lazy\"  width=\"1024\"  height=\"692\"  src=\"data:image\/png;base64,iVBORw0KGgoAAAANSUhEUgAAAAEAAAABAQMAAAAl21bKAAAAA1BMVEUAAP+KeNJXAAAAAXRSTlMAQObYZgAAAAlwSFlzAAAOxAAADsQBlSsOGwAAAApJREFUCNdjYAAAAAIAAeIhvDMAAAAASUVORK5CYII=\"  alt=\"\"  class=\"wp-image-25013 pk-lazyload\"  data-pk-sizes=\"auto\"  data-ls-sizes=\"(max-width: 1024px) 100vw, 1024px\"  data-pk-src=\"https:\/\/passaparola.info\/web\/wp-content\/uploads\/2023\/10\/COVER-DesItaliens-DEF-1-1024x692.jpg\"  data-pk-srcset=\"https:\/\/passaparola.info\/web\/wp-content\/uploads\/2023\/10\/COVER-DesItaliens-DEF-1-1024x692.jpg 1024w, https:\/\/passaparola.info\/web\/wp-content\/uploads\/2023\/10\/COVER-DesItaliens-DEF-1-300x203.jpg 300w, https:\/\/passaparola.info\/web\/wp-content\/uploads\/2023\/10\/COVER-DesItaliens-DEF-1-768x519.jpg 768w, https:\/\/passaparola.info\/web\/wp-content\/uploads\/2023\/10\/COVER-DesItaliens-DEF-1-1536x1039.jpg 1536w, https:\/\/passaparola.info\/web\/wp-content\/uploads\/2023\/10\/COVER-DesItaliens-DEF-1-800x541.jpg 800w, https:\/\/passaparola.info\/web\/wp-content\/uploads\/2023\/10\/COVER-DesItaliens-DEF-1-1160x784.jpg 1160w, https:\/\/passaparola.info\/web\/wp-content\/uploads\/2023\/10\/COVER-DesItaliens-DEF-1.jpg 1834w\" ><\/figure>\n\n\n\n<p><\/p>\n<\/div>\n<\/div>\n","protected":false},"excerpt":{"rendered":"PassaParola Editions, 2023 \u2013 Des italiens, jadis, dans l\u2019\u00e9pop\u00e9e du fer (au Luxembourg et au-del\u00e0 de la fronti\u00e8re) L\u2019immigration italienne massive au Grand-Duch\u00e9 et \u00e0 la Grande r\u00e9gion remonte aux deux derni\u00e8res d\u00e9cennies du 19e&nbsp;si\u00e8cle et a subi une s\u00e9rie&hellip;\n","protected":false},"author":16,"featured_media":0,"parent":0,"menu_order":0,"comment_status":"closed","ping_status":"closed","template":"","meta":{"_seopress_robots_primary_cat":"","_seopress_titles_title":"","_seopress_titles_desc":"","_seopress_robots_index":""},"_links":{"self":[{"href":"https:\/\/passaparola.info\/web\/wp-json\/wp\/v2\/pages\/25012"}],"collection":[{"href":"https:\/\/passaparola.info\/web\/wp-json\/wp\/v2\/pages"}],"about":[{"href":"https:\/\/passaparola.info\/web\/wp-json\/wp\/v2\/types\/page"}],"author":[{"embeddable":true,"href":"https:\/\/passaparola.info\/web\/wp-json\/wp\/v2\/users\/16"}],"replies":[{"embeddable":true,"href":"https:\/\/passaparola.info\/web\/wp-json\/wp\/v2\/comments?post=25012"}],"version-history":[{"count":3,"href":"https:\/\/passaparola.info\/web\/wp-json\/wp\/v2\/pages\/25012\/revisions"}],"predecessor-version":[{"id":25207,"href":"https:\/\/passaparola.info\/web\/wp-json\/wp\/v2\/pages\/25012\/revisions\/25207"}],"wp:attachment":[{"href":"https:\/\/passaparola.info\/web\/wp-json\/wp\/v2\/media?parent=25012"}],"curies":[{"name":"wp","href":"https:\/\/api.w.org\/{rel}","templated":true}]}}