{"id":19074,"date":"2019-02-26T17:15:19","date_gmt":"2019-02-26T16:15:19","guid":{"rendered":"https:\/\/passaparola.info\/web\/?page_id=19074"},"modified":"2023-01-04T18:14:29","modified_gmt":"2023-01-04T17:14:29","slug":"passaparola-editions","status":"publish","type":"page","link":"https:\/\/passaparola.info\/web\/passaparola-editions\/","title":{"rendered":"PassaParola Editions, 2022 \u2013 Donne Libere Dentro \u2013 nuovi racconti"},"content":{"rendered":"\n<div style=\"height:25px\" aria-hidden=\"true\" class=\"wp-block-spacer\"><\/div>\n\n\n\n<h2 id=\"passaparola-editions-2022-donne-libere-dentro-nuovi-racconti\" class=\"has-white-color has-text-color has-background\" style=\"background-color:#eb343e\"><strong>PassaParola Editions, 2022 \u2013 Donne Libere Dentro \u2013 nuovi racconti<\/strong><\/h2>\n\n\n\n<div class=\"wp-block-columns\">\n<div class=\"wp-block-column\">\n<p>Il nuovo libro di Maria Grazia Galati dal titolo&nbsp;<em>Donne Libere Dentro \u2013 nuovi racconti<\/em>, 4 storie ambientate in Salento (nel Sud della Puglia), PassaParola EditionsCarmela, Luisa, Agata, Rosanna\u2026 e tante altre. Sono le donne forti, coraggiose, capaci di fare scelte controcorrente, a volte \u201csocialmente scorrette\u201d. Ma dettate sempre dal cuore, dal coraggio, dalla forza di chi \u00e8 libera dentro. Sono le donne del nuovo libro di&nbsp;Maria Grazia Galati, giornalista e scrittrice italo-lussemburghese, che torna in libreria dopo il successo della sua prima raccolta di racconti. Protagoniste le donne e le loro storie di passioni, dolori, scelte di vita. Le vicende &nbsp;sono ambientate in epoche diverse, ma sono tutte accomunate da una trama avvincente, colpi di scena, lo splendido scenario della provincia di Lecce, terra di origine paterna dell\u2019autrice, che fa da sfondo e che spesso \u00e8 metafora di sentimenti ed emozioni.&nbsp;La copertina, cos\u00ec come le illustrazioni interne, sono opera di&nbsp;<strong>Arianna Lion<\/strong>, artista e insegnante che vive e lavora in Liguria.<\/p>\n\n\n\n<p><strong>Prezzo: 20\u20ac <\/strong><br><strong>Offerta speciale<\/strong>: <strong>spedizione gratuita fino al 28.02.2023<\/strong><\/p>\n\n\n\n<form target=\"paypal\" action=\"https:\/\/www.paypal.com\/cgi-bin\/webscr\" method=\"post\">\n<input type=\"hidden\" name=\"cmd\" value=\"_s-xclick\">\n<input type=\"hidden\" name=\"hosted_button_id\" value=\"SXY6MMBQSTY2Y\">\n<input type=\"image\" src=\"https:\/\/www.paypalobjects.com\/fr_FR\/FR\/i\/btn\/btn_cart_LG.gif\" border=\"0\" name=\"submit\" alt=\"PayPal, le r\u00e9flexe s\u00e9curit\u00e9 pour payer en ligne\">\n<img  loading=\"lazy\"  alt=\"\"  border=\"0\"  src=\"data:image\/png;base64,iVBORw0KGgoAAAANSUhEUgAAAAEAAAABAQMAAAAl21bKAAAAA1BMVEUAAP+KeNJXAAAAAXRSTlMAQObYZgAAAAlwSFlzAAAOxAAADsQBlSsOGwAAAApJREFUCNdjYAAAAAIAAeIhvDMAAAAASUVORK5CYII=\"  width=\"1\"  height=\"1\"  class=\" pk-lazyload\"  data-pk-sizes=\"auto\"  data-pk-src=\"https:\/\/www.paypalobjects.com\/fr_XC\/i\/scr\/pixel.gif\" >\n<\/form>\n<\/div>\n\n\n\n<div class=\"wp-block-column\">\n<figure class=\"wp-block-image size-large\"><img  loading=\"lazy\"  width=\"1024\"  height=\"674\"  src=\"data:image\/png;base64,iVBORw0KGgoAAAANSUhEUgAAAAEAAAABAQMAAAAl21bKAAAAA1BMVEUAAP+KeNJXAAAAAXRSTlMAQObYZgAAAAlwSFlzAAAOxAAADsQBlSsOGwAAAApJREFUCNdjYAAAAAIAAeIhvDMAAAAASUVORK5CYII=\"  alt=\"\"  class=\"wp-image-19076 pk-lazyload\"  data-pk-sizes=\"auto\"  data-ls-sizes=\"(max-width: 1024px) 100vw, 1024px\"  data-pk-src=\"https:\/\/passaparola.info\/web\/wp-content\/uploads\/2022\/05\/COVER_DonneLibereDentro_nuovi-racconti_DEFINITIVO-1-1024x674.jpg\"  data-pk-srcset=\"https:\/\/passaparola.info\/web\/wp-content\/uploads\/2022\/05\/COVER_DonneLibereDentro_nuovi-racconti_DEFINITIVO-1-1024x674.jpg 1024w, https:\/\/passaparola.info\/web\/wp-content\/uploads\/2022\/05\/COVER_DonneLibereDentro_nuovi-racconti_DEFINITIVO-1-300x198.jpg 300w, https:\/\/passaparola.info\/web\/wp-content\/uploads\/2022\/05\/COVER_DonneLibereDentro_nuovi-racconti_DEFINITIVO-1-768x506.jpg 768w, https:\/\/passaparola.info\/web\/wp-content\/uploads\/2022\/05\/COVER_DonneLibereDentro_nuovi-racconti_DEFINITIVO-1-1536x1011.jpg 1536w, https:\/\/passaparola.info\/web\/wp-content\/uploads\/2022\/05\/COVER_DonneLibereDentro_nuovi-racconti_DEFINITIVO-1-2048x1348.jpg 2048w, https:\/\/passaparola.info\/web\/wp-content\/uploads\/2022\/05\/COVER_DonneLibereDentro_nuovi-racconti_DEFINITIVO-1-800x527.jpg 800w, https:\/\/passaparola.info\/web\/wp-content\/uploads\/2022\/05\/COVER_DonneLibereDentro_nuovi-racconti_DEFINITIVO-1-1160x764.jpg 1160w, https:\/\/passaparola.info\/web\/wp-content\/uploads\/2022\/05\/COVER_DonneLibereDentro_nuovi-racconti_DEFINITIVO-1-scaled.jpg 2560w\" ><\/figure>\n\n\n\n<p><\/p>\n<\/div>\n<\/div>\n","protected":false},"excerpt":{"rendered":"PassaParola Editions, 2022 \u2013 Donne Libere Dentro \u2013 nuovi racconti Il nuovo libro di Maria Grazia Galati dal titolo&nbsp;Donne Libere Dentro \u2013 nuovi racconti, 4 storie ambientate in Salento (nel Sud della Puglia), PassaParola EditionsCarmela, Luisa, Agata, Rosanna\u2026 e tante&hellip;\n","protected":false},"author":16,"featured_media":0,"parent":0,"menu_order":0,"comment_status":"closed","ping_status":"closed","template":"","meta":{"_seopress_robots_primary_cat":"","_seopress_titles_title":"","_seopress_titles_desc":"","_seopress_robots_index":""},"_links":{"self":[{"href":"https:\/\/passaparola.info\/web\/wp-json\/wp\/v2\/pages\/19074"}],"collection":[{"href":"https:\/\/passaparola.info\/web\/wp-json\/wp\/v2\/pages"}],"about":[{"href":"https:\/\/passaparola.info\/web\/wp-json\/wp\/v2\/types\/page"}],"author":[{"embeddable":true,"href":"https:\/\/passaparola.info\/web\/wp-json\/wp\/v2\/users\/16"}],"replies":[{"embeddable":true,"href":"https:\/\/passaparola.info\/web\/wp-json\/wp\/v2\/comments?post=19074"}],"version-history":[{"count":18,"href":"https:\/\/passaparola.info\/web\/wp-json\/wp\/v2\/pages\/19074\/revisions"}],"predecessor-version":[{"id":21129,"href":"https:\/\/passaparola.info\/web\/wp-json\/wp\/v2\/pages\/19074\/revisions\/21129"}],"wp:attachment":[{"href":"https:\/\/passaparola.info\/web\/wp-json\/wp\/v2\/media?parent=19074"}],"curies":[{"name":"wp","href":"https:\/\/api.w.org\/{rel}","templated":true}]}}