{"id":19070,"date":"2019-02-26T17:15:19","date_gmt":"2019-02-26T16:15:19","guid":{"rendered":"https:\/\/passaparola.info\/web\/?page_id=19070"},"modified":"2022-05-17T11:26:21","modified_gmt":"2022-05-17T09:26:21","slug":"passaparola-editions-2022-libere-dentro-racconti-di-donne-del-sud-nuova-edizione","status":"publish","type":"page","link":"https:\/\/passaparola.info\/web\/passaparola-editions-2022-libere-dentro-racconti-di-donne-del-sud-nuova-edizione\/","title":{"rendered":"PassaParola Editions, 2022 \u2013 Libere Dentro \u2013 Racconti di donne del sud &#8211; nuova edizione"},"content":{"rendered":"\n<div style=\"height:25px\" aria-hidden=\"true\" class=\"wp-block-spacer\"><\/div>\n\n\n\n<h2 id=\"passaparola-editions-2022-libere-dentro-racconti-di-donne-del-sud-nuova-edizione\" class=\"has-white-color has-text-color has-background\" style=\"background-color:#eb343e\">PassaParola Editions, 2022 \u2013 Libere Dentro \u2013 Racconti di donne del sud \u2013nuova edizione<\/h2>\n\n\n\n<div class=\"wp-block-columns\">\n<div class=\"wp-block-column\">\n<p>Nuova ristampa di&nbsp;<strong><em>Libere Dentro \u2013 racconti di donne del Sud<\/em><\/strong> (<em>Grifo<\/em>, 2008), che valse alla Galati ben&nbsp;<strong>due premi letterari&nbsp;<\/strong>e che \u00e8 stato pubblicato nella&nbsp;<strong>versione francese&nbsp;<\/strong>(<em>Libres \u00e0 l\u2019interieur<\/em>) da&nbsp;<em>Convivium,&nbsp;<\/em>Luxembourg 2013.&nbsp;<\/p>\n\n\n\n<p><strong>Prezzo: <strong>15\u20ac<\/strong><\/strong><br><strong><strong>Spedizione gratuita fino al 31.12.2022. Offerta speciale<\/strong><\/strong><\/p>\n\n\n\n<form target=\"paypal\" action=\"https:\/\/www.paypal.com\/cgi-bin\/webscr\" method=\"post\">\n<input type=\"hidden\" name=\"cmd\" value=\"_s-xclick\">\n<input type=\"hidden\" name=\"hosted_button_id\" value=\"LCVBZ2G9HJW4N\">\n<input type=\"image\" src=\"https:\/\/www.paypalobjects.com\/fr_FR\/FR\/i\/btn\/btn_cart_LG.gif\" border=\"0\" name=\"submit\" alt=\"PayPal, le r\u00e9flexe s\u00e9curit\u00e9 pour payer en ligne\">\n<img  loading=\"lazy\"  alt=\"\"  border=\"0\"  src=\"data:image\/png;base64,iVBORw0KGgoAAAANSUhEUgAAAAEAAAABAQMAAAAl21bKAAAAA1BMVEUAAP+KeNJXAAAAAXRSTlMAQObYZgAAAAlwSFlzAAAOxAAADsQBlSsOGwAAAApJREFUCNdjYAAAAAIAAeIhvDMAAAAASUVORK5CYII=\"  width=\"1\"  height=\"1\"  class=\" pk-lazyload\"  data-pk-sizes=\"auto\"  data-pk-src=\"https:\/\/www.paypalobjects.com\/fr_XC\/i\/scr\/pixel.gif\" >\n<\/form>\n<\/div>\n\n\n\n<div class=\"wp-block-column\">\n<figure class=\"wp-block-image size-large is-resized\"><img  loading=\"lazy\"  src=\"data:image\/png;base64,iVBORw0KGgoAAAANSUhEUgAAAAEAAAABAQMAAAAl21bKAAAAA1BMVEUAAP+KeNJXAAAAAXRSTlMAQObYZgAAAAlwSFlzAAAOxAAADsQBlSsOGwAAAApJREFUCNdjYAAAAAIAAeIhvDMAAAAASUVORK5CYII=\"  alt=\"\"  class=\"wp-image-19071 pk-lazyload\"  width=\"378\"  height=\"512\"  data-pk-sizes=\"auto\"  data-ls-sizes=\"(max-width: 378px) 100vw, 378px\"  data-pk-src=\"https:\/\/passaparola.info\/web\/wp-content\/uploads\/2022\/05\/passaparola-editions-libere-dentro-nuovi-racconti-0-756x1024.jpg\"  data-pk-srcset=\"https:\/\/passaparola.info\/web\/wp-content\/uploads\/2022\/05\/passaparola-editions-libere-dentro-nuovi-racconti-0-756x1024.jpg 756w, https:\/\/passaparola.info\/web\/wp-content\/uploads\/2022\/05\/passaparola-editions-libere-dentro-nuovi-racconti-0-222x300.jpg 222w, https:\/\/passaparola.info\/web\/wp-content\/uploads\/2022\/05\/passaparola-editions-libere-dentro-nuovi-racconti-0-768x1040.jpg 768w, https:\/\/passaparola.info\/web\/wp-content\/uploads\/2022\/05\/passaparola-editions-libere-dentro-nuovi-racconti-0-1135x1536.jpg 1135w, https:\/\/passaparola.info\/web\/wp-content\/uploads\/2022\/05\/passaparola-editions-libere-dentro-nuovi-racconti-0-1513x2048.jpg 1513w, https:\/\/passaparola.info\/web\/wp-content\/uploads\/2022\/05\/passaparola-editions-libere-dentro-nuovi-racconti-0-800x1083.jpg 800w, https:\/\/passaparola.info\/web\/wp-content\/uploads\/2022\/05\/passaparola-editions-libere-dentro-nuovi-racconti-0-1160x1570.jpg 1160w, https:\/\/passaparola.info\/web\/wp-content\/uploads\/2022\/05\/passaparola-editions-libere-dentro-nuovi-racconti-0.jpg 1710w\" ><\/figure>\n\n\n\n<p><\/p>\n<\/div>\n<\/div>\n","protected":false},"excerpt":{"rendered":"PassaParola Editions, 2022 \u2013 Libere Dentro \u2013 Racconti di donne del sud \u2013nuova edizione Nuova ristampa di&nbsp;Libere Dentro \u2013 racconti di donne del Sud (Grifo, 2008), che valse alla Galati ben&nbsp;due premi letterari&nbsp;e che \u00e8 stato pubblicato nella&nbsp;versione francese&nbsp;(Libres \u00e0&hellip;\n","protected":false},"author":16,"featured_media":0,"parent":0,"menu_order":0,"comment_status":"closed","ping_status":"closed","template":"","meta":{"_seopress_robots_primary_cat":"","_seopress_titles_title":"","_seopress_titles_desc":"","_seopress_robots_index":""},"_links":{"self":[{"href":"https:\/\/passaparola.info\/web\/wp-json\/wp\/v2\/pages\/19070"}],"collection":[{"href":"https:\/\/passaparola.info\/web\/wp-json\/wp\/v2\/pages"}],"about":[{"href":"https:\/\/passaparola.info\/web\/wp-json\/wp\/v2\/types\/page"}],"author":[{"embeddable":true,"href":"https:\/\/passaparola.info\/web\/wp-json\/wp\/v2\/users\/16"}],"replies":[{"embeddable":true,"href":"https:\/\/passaparola.info\/web\/wp-json\/wp\/v2\/comments?post=19070"}],"version-history":[{"count":20,"href":"https:\/\/passaparola.info\/web\/wp-json\/wp\/v2\/pages\/19070\/revisions"}],"predecessor-version":[{"id":19186,"href":"https:\/\/passaparola.info\/web\/wp-json\/wp\/v2\/pages\/19070\/revisions\/19186"}],"wp:attachment":[{"href":"https:\/\/passaparola.info\/web\/wp-json\/wp\/v2\/media?parent=19070"}],"curies":[{"name":"wp","href":"https:\/\/api.w.org\/{rel}","templated":true}]}}