{"id":12871,"date":"2019-02-26T17:15:19","date_gmt":"2019-02-26T16:15:19","guid":{"rendered":"https:\/\/bleuciel.lu\/passaparola\/?page_id=12871"},"modified":"2022-05-17T10:24:52","modified_gmt":"2022-05-17T08:24:52","slug":"passaparola-editions-na-finestra-su-roma","status":"publish","type":"page","link":"https:\/\/passaparola.info\/web\/passaparola-editions-na-finestra-su-roma\/","title":{"rendered":"PassaParola Editions &#8211; \u2018Na finestra su Roma"},"content":{"rendered":"\n<div style=\"height:25px\" aria-hidden=\"true\" class=\"wp-block-spacer\"><\/div>\n\n\n\n<h2 id=\"passaparola-editions-na-finestra-su-roma\" class=\"has-white-color has-text-color has-background\" style=\"background-color:#eb343e\">PassaParola Editions &#8211; \u2018Na finestra su Roma<\/h2>\n\n\n\n<div class=\"wp-block-columns\">\n<div class=\"wp-block-column\">\n<strong><em>&#8216;<\/em>Na finestra su Roma&nbsp;di&nbsp;Gilda Luzzi&nbsp;<\/strong><br><em>PassaParola Editions&nbsp;(&nbsp;<\/em>64 pagine)&nbsp;<strong>25 euro<\/strong><em>Non solo&nbsp;<\/em>un libro fotografico sulla citt\u00e0 eterna.&nbsp;Racconta, grazie alla penna raffinata dell\u2019autrice (che \u00e8 anche artefice degli scatti), attraverso la musicalit\u00e0 dei versi della poesia dialettale che accompagna ogni fotografia, il percorso secolare dentro Roma, tra le sue strade, le sue piazze, i vicoletti dei quartieri pi\u00f9 folcloristici, le facciate delle sue chiese, i monumenti, le fontane, le statue, e mille altre cose. Roma \u00e8 Roma, nel bene e nel male. \u00c8 sempre una Capitale magnifica. Piena di bellezza e contraddizioni, da non celare ma raccontare, cos\u00ec come fa l\u2019autrice in questo libro. Roma, nonostante secoli di storia, \u00e8 ancora tutta da scoprire. E questo libro \u00e8 una vera scoperta.\n<\/div>\n\n\n\n<div class=\"wp-block-column\">\n<figure class=\"wp-block-image size-large\"><img  loading=\"lazy\"  width=\"1024\"  height=\"683\"  src=\"data:image\/png;base64,iVBORw0KGgoAAAANSUhEUgAAAAEAAAABAQMAAAAl21bKAAAAA1BMVEUAAP+KeNJXAAAAAXRSTlMAQObYZgAAAAlwSFlzAAAOxAAADsQBlSsOGwAAAApJREFUCNdjYAAAAAIAAeIhvDMAAAAASUVORK5CYII=\"  alt=\"\"  class=\"wp-image-12872 pk-lazyload\"  data-pk-sizes=\"auto\"  data-ls-sizes=\"(max-width: 1024px) 100vw, 1024px\"  data-pk-src=\"https:\/\/passaparola.info\/web\/wp-content\/uploads\/2021\/03\/na-finestra-1024x683.jpg\"  data-pk-srcset=\"https:\/\/passaparola.info\/web\/wp-content\/uploads\/2021\/03\/na-finestra-1024x683.jpg 1024w, https:\/\/passaparola.info\/web\/wp-content\/uploads\/2021\/03\/na-finestra-300x200.jpg 300w, https:\/\/passaparola.info\/web\/wp-content\/uploads\/2021\/03\/na-finestra-768x512.jpg 768w, https:\/\/passaparola.info\/web\/wp-content\/uploads\/2021\/03\/na-finestra-1536x1024.jpg 1536w, https:\/\/passaparola.info\/web\/wp-content\/uploads\/2021\/03\/na-finestra-2048x1366.jpg 2048w, https:\/\/passaparola.info\/web\/wp-content\/uploads\/2021\/03\/na-finestra-800x534.jpg 800w, https:\/\/passaparola.info\/web\/wp-content\/uploads\/2021\/03\/na-finestra-1160x774.jpg 1160w, https:\/\/passaparola.info\/web\/wp-content\/uploads\/2021\/03\/na-finestra-scaled.jpg 2560w\" ><\/figure>\n<\/div>\n<\/div>\n\n\n\n<p><strong><strong>Promozione per gli abbonati: 20\u20ac e spese di spedizione offerte<\/strong><\/strong><\/p>\n\n\n\n<form target=\"paypal\" action=\"https:\/\/www.paypal.com\/cgi-bin\/webscr\" method=\"post\">\n<input type=\"hidden\" name=\"cmd\" value=\"_s-xclick\">\n<input type=\"hidden\" name=\"hosted_button_id\" value=\"ZA62HJGQC9H3W\">\n<table>\n<tr><td><input type=\"hidden\" name=\"on0\" value=\"Prix du livre + Livraison\">Prix du livre + Livraison<\/td><\/tr><tr><td><select name=\"os0\">\n\t<option value=\"Promozione per gli abbonati\">Promozione per gli abbonati \u20ac20,00 EUR<\/option>\n\t<option value=\"Tarif pour les non abonn\u00e9s\">Tarif pour les non abonn\u00e9s \u20ac25,00 EUR<\/option>\n<\/select> <\/td><\/tr>\n<\/table>\n<input type=\"hidden\" name=\"currency_code\" value=\"EUR\">\n<input type=\"image\" src=\"https:\/\/www.paypalobjects.com\/fr_FR\/FR\/i\/btn\/btn_cart_SM.gif\" border=\"0\" name=\"submit\" alt=\"PayPal, le r\u00e9flexe s\u00e9curit\u00e9 pour payer en ligne\">\n<img  loading=\"lazy\"  alt=\"\"  border=\"0\"  src=\"data:image\/png;base64,iVBORw0KGgoAAAANSUhEUgAAAAEAAAABAQMAAAAl21bKAAAAA1BMVEUAAP+KeNJXAAAAAXRSTlMAQObYZgAAAAlwSFlzAAAOxAAADsQBlSsOGwAAAApJREFUCNdjYAAAAAIAAeIhvDMAAAAASUVORK5CYII=\"  width=\"1\"  height=\"1\"  class=\" pk-lazyload\"  data-pk-sizes=\"auto\"  data-pk-src=\"https:\/\/www.paypalobjects.com\/fr_XC\/i\/scr\/pixel.gif\" >\n<\/form>\n","protected":false},"excerpt":{"rendered":"PassaParola Editions &#8211; \u2018Na finestra su Roma &#8216;Na finestra su Roma&nbsp;di&nbsp;Gilda Luzzi&nbsp;PassaParola Editions&nbsp;(&nbsp;64 pagine)&nbsp;25 euroNon solo&nbsp;un libro fotografico sulla citt\u00e0 eterna.&nbsp;Racconta, grazie alla penna raffinata dell\u2019autrice (che \u00e8 anche artefice degli scatti), attraverso la musicalit\u00e0 dei versi della poesia dialettale&hellip;\n","protected":false},"author":1,"featured_media":0,"parent":0,"menu_order":0,"comment_status":"closed","ping_status":"closed","template":"","meta":{"_seopress_robots_primary_cat":"","_seopress_titles_title":"","_seopress_titles_desc":"","_seopress_robots_index":""},"_links":{"self":[{"href":"https:\/\/passaparola.info\/web\/wp-json\/wp\/v2\/pages\/12871"}],"collection":[{"href":"https:\/\/passaparola.info\/web\/wp-json\/wp\/v2\/pages"}],"about":[{"href":"https:\/\/passaparola.info\/web\/wp-json\/wp\/v2\/types\/page"}],"author":[{"embeddable":true,"href":"https:\/\/passaparola.info\/web\/wp-json\/wp\/v2\/users\/1"}],"replies":[{"embeddable":true,"href":"https:\/\/passaparola.info\/web\/wp-json\/wp\/v2\/comments?post=12871"}],"version-history":[{"count":2,"href":"https:\/\/passaparola.info\/web\/wp-json\/wp\/v2\/pages\/12871\/revisions"}],"predecessor-version":[{"id":19160,"href":"https:\/\/passaparola.info\/web\/wp-json\/wp\/v2\/pages\/12871\/revisions\/19160"}],"wp:attachment":[{"href":"https:\/\/passaparola.info\/web\/wp-json\/wp\/v2\/media?parent=12871"}],"curies":[{"name":"wp","href":"https:\/\/api.w.org\/{rel}","templated":true}]}}