{"id":12695,"date":"2019-02-26T17:15:19","date_gmt":"2019-02-26T16:15:19","guid":{"rendered":"https:\/\/bleuciel.lu\/passaparola\/?page_id=12695"},"modified":"2024-06-12T10:05:14","modified_gmt":"2024-06-12T08:05:14","slug":"passaparola-editions-tanti-italiani-fa-in-lussemburgo","status":"publish","type":"page","link":"https:\/\/passaparola.info\/web\/passaparola-editions-tanti-italiani-fa-in-lussemburgo\/","title":{"rendered":"PassaParola Editions &#8211; Tanti italiani fa\u2026.in Lussemburgo"},"content":{"rendered":"\n<div style=\"height:25px\" aria-hidden=\"true\" class=\"wp-block-spacer\"><\/div>\n\n\n\n<h2 id=\"tanti-italiani-fa-in-lussemburgo\" class=\"has-white-color has-text-color has-background\" style=\"background-color:#eb343e\">Tanti italiani fa\u2026.in Lussemburgo<\/h2>\n\n\n\n<div class=\"wp-block-columns\">\n<div class=\"wp-block-column\">\n<p><strong>REMO CECCARELLI<\/strong><br>PassaParola Editions, Luxembourg 2019<\/p>\n\n\n\n<p>Tanti italiani fa\u2026.in Lussemburgo. Viaggio nella memoria (e un po\u2019 di storia) della nostra emigrazione.<\/p>\n<\/div>\n\n\n\n<div class=\"wp-block-column\">\n<figure class=\"wp-block-image size-large\"><img  loading=\"lazy\"  width=\"871\"  height=\"871\"  src=\"data:image\/png;base64,iVBORw0KGgoAAAANSUhEUgAAAAEAAAABAQMAAAAl21bKAAAAA1BMVEUAAP+KeNJXAAAAAXRSTlMAQObYZgAAAAlwSFlzAAAOxAAADsQBlSsOGwAAAApJREFUCNdjYAAAAAIAAeIhvDMAAAAASUVORK5CYII=\"  alt=\"\"  class=\"wp-image-12595 pk-lazyload\"  data-pk-sizes=\"auto\"  data-ls-sizes=\"(max-width: 871px) 100vw, 871px\"  data-pk-src=\"https:\/\/passaparola.info\/web\/wp-content\/uploads\/2021\/02\/Tanti-italiani-fa-in-Lussemburgo.jpg\"  data-pk-srcset=\"https:\/\/passaparola.info\/web\/wp-content\/uploads\/2021\/02\/Tanti-italiani-fa-in-Lussemburgo.jpg 871w, https:\/\/passaparola.info\/web\/wp-content\/uploads\/2021\/02\/Tanti-italiani-fa-in-Lussemburgo-300x300.jpg 300w, https:\/\/passaparola.info\/web\/wp-content\/uploads\/2021\/02\/Tanti-italiani-fa-in-Lussemburgo-150x150.jpg 150w, https:\/\/passaparola.info\/web\/wp-content\/uploads\/2021\/02\/Tanti-italiani-fa-in-Lussemburgo-768x768.jpg 768w, https:\/\/passaparola.info\/web\/wp-content\/uploads\/2021\/02\/Tanti-italiani-fa-in-Lussemburgo-80x80.jpg 80w, https:\/\/passaparola.info\/web\/wp-content\/uploads\/2021\/02\/Tanti-italiani-fa-in-Lussemburgo-800x800.jpg 800w\" ><\/figure>\n<\/div>\n<\/div>\n\n\n\n<p><strong>Prezzo di copertina: 15\u20ac (escluse spese di spedizione)<\/strong><\/p>\n\n\n\n<form action=\"https:\/\/www.paypal.com\/cgi-bin\/webscr\" method=\"post\" target=\"_blank\">\n  <input type=\"hidden\" name=\"cmd\" value=\"_s-xclick\" \/>\n  <input type=\"hidden\" name=\"hosted_button_id\" value=\"9ZNPR7NB2MC2A\" \/>\n  <table>\n    <tr>\n      <td>\n        <input type=\"hidden\" name=\"on0\" value=\"Prix du livre + Livraison\"\/>\n        Prix du livre + Livraison\n      <\/td>\n    <\/tr>\n    <tr>\n      <td>\n        <select name=\"os0\">\n          <option value=\"Luxembourg\">\n            Luxembourg 18,20 EUR\n          <\/option>\n          <option value=\"Europe\">\n            Europe 20,25 EUR\n          <\/option>\n        <\/select>\n      <\/td>\n    <\/tr>\n  <\/table>\n  <input type=\"hidden\" name=\"currency_code\" value=\"EUR\" \/>\n  <input type=\"image\" src=\"https:\/\/www.paypalobjects.com\/fr_FR\/i\/btn\/btn_cart_SM.gif\" border=\"0\" name=\"submit\" title=\"PayPal, votre r\u00e9flexe s\u00e9curit\u00e9 pour payer en ligne.\" alt=\"Ajouter au panier\" \/>\n<\/form>\n","protected":false},"excerpt":{"rendered":"Tanti italiani fa\u2026.in Lussemburgo REMO CECCARELLIPassaParola Editions, Luxembourg 2019 Tanti italiani fa\u2026.in Lussemburgo. Viaggio nella memoria (e un po\u2019 di storia) della nostra emigrazione. Prezzo di copertina: 15\u20ac (escluse spese di spedizione) Prix du livre + Livraison Luxembourg 18,20 EUR&hellip;\n","protected":false},"author":18,"featured_media":0,"parent":0,"menu_order":0,"comment_status":"closed","ping_status":"closed","template":"","meta":{"_seopress_robots_primary_cat":"","_seopress_titles_title":"","_seopress_titles_desc":"","_seopress_robots_index":""},"_links":{"self":[{"href":"https:\/\/passaparola.info\/web\/wp-json\/wp\/v2\/pages\/12695"}],"collection":[{"href":"https:\/\/passaparola.info\/web\/wp-json\/wp\/v2\/pages"}],"about":[{"href":"https:\/\/passaparola.info\/web\/wp-json\/wp\/v2\/types\/page"}],"author":[{"embeddable":true,"href":"https:\/\/passaparola.info\/web\/wp-json\/wp\/v2\/users\/18"}],"replies":[{"embeddable":true,"href":"https:\/\/passaparola.info\/web\/wp-json\/wp\/v2\/comments?post=12695"}],"version-history":[{"count":4,"href":"https:\/\/passaparola.info\/web\/wp-json\/wp\/v2\/pages\/12695\/revisions"}],"predecessor-version":[{"id":27606,"href":"https:\/\/passaparola.info\/web\/wp-json\/wp\/v2\/pages\/12695\/revisions\/27606"}],"wp:attachment":[{"href":"https:\/\/passaparola.info\/web\/wp-json\/wp\/v2\/media?parent=12695"}],"curies":[{"name":"wp","href":"https:\/\/api.w.org\/{rel}","templated":true}]}}